{"id":3984,"date":"2024-06-12T10:59:34","date_gmt":"2024-06-12T15:59:34","guid":{"rendered":"https:\/\/texsalvenezuela.com\/tienda\/?post_type=product&#038;p=3984"},"modified":"2025-09-12T16:33:58","modified_gmt":"2025-09-12T20:33:58","slug":"panos-humedos-limpiador-vidrios-armor-all","status":"publish","type":"product","link":"https:\/\/texsalvenezuela.com\/tienda\/producto\/panos-humedos-limpiador-vidrios-armor-all\/","title":{"rendered":"Pa\u00f1os H\u00famedos Limpiador Vidrios Armor All"},"content":{"rendered":"<p>Nuestras toallitas dejan el cristal impecable con una claridad asombrosa y un acabado sin rayas. Use las toallas para vidrios Armor All\u00a0<sup>\u00ae<\/sup>\u00a0porque tener las ventanillas limpias es lo m\u00e1s importante.<\/p>\n<ul>\n<li>Elimina f\u00e1cilmente residuos, suciedad de la carretera, insectos, huellas dactilares, etc.<\/li>\n<li>Sin residuos, sin rayas ni zonas opacas<\/li>\n<li>Seguras para el cristal del autom\u00f3vil<\/li>\n<li>Limpieza eficaz en una c\u00f3moda toallita desechable<\/li>\n<\/ul>\n","protected":false},"excerpt":{"rendered":"<p>Las toallas para vidrios Armor All<sup>\u00ae<\/sup>\u00a0est\u00e1n especialmente formuladas para las tareas m\u00e1s dif\u00edciles en autom\u00f3viles, dejando un brillo cristalino y sin rayas. Las delicadas superficies de su autom\u00f3vil son demasiado importantes para confiar en un limpiador dom\u00e9stico. Algunos contienen amon\u00edaco, que puede da\u00f1ar las superficies del veh\u00edculo.<\/p>\n","protected":false},"featured_media":2928,"comment_status":"open","ping_status":"closed","template":"","meta":[],"product_cat":[82,23],"product_tag":[69],"_links":{"self":[{"href":"https:\/\/texsalvenezuela.com\/tienda\/wp-json\/wp\/v2\/product\/3984"}],"collection":[{"href":"https:\/\/texsalvenezuela.com\/tienda\/wp-json\/wp\/v2\/product"}],"about":[{"href":"https:\/\/texsalvenezuela.com\/tienda\/wp-json\/wp\/v2\/types\/product"}],"replies":[{"embeddable":true,"href":"https:\/\/texsalvenezuela.com\/tienda\/wp-json\/wp\/v2\/comments?post=3984"}],"wp:featuredmedia":[{"embeddable":true,"href":"https:\/\/texsalvenezuela.com\/tienda\/wp-json\/wp\/v2\/media\/2928"}],"wp:attachment":[{"href":"https:\/\/texsalvenezuela.com\/tienda\/wp-json\/wp\/v2\/media?parent=3984"}],"wp:term":[{"taxonomy":"product_cat","embeddable":true,"href":"https:\/\/texsalvenezuela.com\/tienda\/wp-json\/wp\/v2\/product_cat?post=3984"},{"taxonomy":"product_tag","embeddable":true,"href":"https:\/\/texsalvenezuela.com\/tienda\/wp-json\/wp\/v2\/product_tag?post=3984"}],"curies":[{"name":"wp","href":"https:\/\/api.w.org\/{rel}","templated":true}]}}