{"id":3991,"date":"2024-06-12T10:59:34","date_gmt":"2024-06-12T15:59:34","guid":{"rendered":"https:\/\/texsalvenezuela.com\/tienda\/?post_type=product&#038;p=3991"},"modified":"2025-09-12T12:37:48","modified_gmt":"2025-09-12T16:37:48","slug":"protector-original-armor-all-spray-16-oz","status":"publish","type":"product","link":"https:\/\/texsalvenezuela.com\/tienda\/producto\/protector-original-armor-all-spray-16-oz\/","title":{"rendered":"Protector Original Armor All Spray 16 oz"},"content":{"rendered":"<p>Armor All<sup>\u00ae\u00a0<\/sup>Original Protectant es el protector interior que necesita para mantener las superficies de su veh\u00edculo frescas y nuevas. Su coche puede estar expuesto a suciedad, mugre y elementos nocivos como los rayos UV y la oxidaci\u00f3n todos los d\u00edas. En Armor All<sup>\u00ae<\/sup>, l\u00edder indiscutible en el cuidado interior del autom\u00f3vil, hemos dise\u00f1ado nuestra f\u00f3rmula patentada de Original Protectant para cumplir con los est\u00e1ndares m\u00e1s altos: el suyo. Otros productos pueden llamarse a s\u00ed mismos protectores, pero solo uno puede llamarse Armor All<sup>\u00ae<\/sup>.<\/p>\n<ul>\n<li>Limpia la suciedad, el polvo y los residuos del interior de su veh\u00edculo.<\/li>\n<li>Nuestro limpiador ayuda a prevenir el agrietamiento, la decoloraci\u00f3n y el envejecimiento prematuro del pl\u00e1stico y el vinilo de su veh\u00edculo.<\/li>\n<li>Protege el interior y el exterior de su autom\u00f3vil contra los rayos UV.<\/li>\n<li>Ayuda a renovar y revitalizar el vinilo, la goma y el pl\u00e1stico.<\/li>\n<li>Tambi\u00e9n puede funcionar en pl\u00e1stico y caucho exteriores.<\/li>\n<\/ul>\n","protected":false},"excerpt":{"rendered":"<p><strong>Mantenga las superficies de su veh\u00edculo frescas y nuevas.<\/strong><\/p>\n","protected":false},"featured_media":2935,"comment_status":"open","ping_status":"closed","template":"","meta":[],"product_cat":[82,23],"product_tag":[67],"_links":{"self":[{"href":"https:\/\/texsalvenezuela.com\/tienda\/wp-json\/wp\/v2\/product\/3991"}],"collection":[{"href":"https:\/\/texsalvenezuela.com\/tienda\/wp-json\/wp\/v2\/product"}],"about":[{"href":"https:\/\/texsalvenezuela.com\/tienda\/wp-json\/wp\/v2\/types\/product"}],"replies":[{"embeddable":true,"href":"https:\/\/texsalvenezuela.com\/tienda\/wp-json\/wp\/v2\/comments?post=3991"}],"wp:featuredmedia":[{"embeddable":true,"href":"https:\/\/texsalvenezuela.com\/tienda\/wp-json\/wp\/v2\/media\/2935"}],"wp:attachment":[{"href":"https:\/\/texsalvenezuela.com\/tienda\/wp-json\/wp\/v2\/media?parent=3991"}],"wp:term":[{"taxonomy":"product_cat","embeddable":true,"href":"https:\/\/texsalvenezuela.com\/tienda\/wp-json\/wp\/v2\/product_cat?post=3991"},{"taxonomy":"product_tag","embeddable":true,"href":"https:\/\/texsalvenezuela.com\/tienda\/wp-json\/wp\/v2\/product_tag?post=3991"}],"curies":[{"name":"wp","href":"https:\/\/api.w.org\/{rel}","templated":true}]}}