{"id":3999,"date":"2024-06-12T10:59:35","date_gmt":"2024-06-12T15:59:35","guid":{"rendered":"https:\/\/texsalvenezuela.com\/tienda\/?post_type=product&#038;p=3999"},"modified":"2025-09-12T16:55:29","modified_gmt":"2025-09-12T20:55:29","slug":"protector-ultra-brillo-armor-all-spray-16-oz","status":"publish","type":"product","link":"https:\/\/texsalvenezuela.com\/tienda\/producto\/protector-ultra-brillo-armor-all-spray-16-oz\/","title":{"rendered":"Protector Ultra Brillo Armor All Spray 16 oz"},"content":{"rendered":"<p>rmor All<sup>\u00ae<\/sup>\u00a0Ultra Shine Protectant brinda nuestro m\u00e1ximo brillo de alta intensidad y duraci\u00f3n, a la vez que mejora el aspecto intenso y elegante de las superficies interiores de su veh\u00edculo. Fortificado con una cantidad a\u00fan mayor de los potenciadores de brillo patentados de Armor All<sup>\u00ae<\/sup>, este atomizador brinda un brillo intenso e imponente, que no podr\u00e1 creer. Y como es de Armor All<sup>\u00ae<\/sup>, puede contar con su protecci\u00f3n confiable contra los rayos UV y otros elementos da\u00f1inos.<\/p>\n<ul>\n<li>Ayuda a prevenir grietas, colores deste\u00f1idos, decoloraci\u00f3n y envejecimiento prematuro<\/li>\n<li>Realza el aspecto intenso y elegante de su veh\u00edculo a la vez que agrega un brillo incre\u00edble<\/li>\n<li>Renueva y revitaliza vinilo, caucho y pl\u00e1stico<\/li>\n<li>Le da al auto un brillo como de auto nuevo<\/li>\n<li>Contiene ingredientes que potencian el brillo<\/li>\n<\/ul>\n","protected":false},"excerpt":{"rendered":"<p><strong>Nuestro m\u00e1ximo brillo de alta intensidad<\/strong><\/p>\n","protected":false},"featured_media":6820,"comment_status":"open","ping_status":"closed","template":"","meta":[],"product_cat":[82,23],"product_tag":[67],"_links":{"self":[{"href":"https:\/\/texsalvenezuela.com\/tienda\/wp-json\/wp\/v2\/product\/3999"}],"collection":[{"href":"https:\/\/texsalvenezuela.com\/tienda\/wp-json\/wp\/v2\/product"}],"about":[{"href":"https:\/\/texsalvenezuela.com\/tienda\/wp-json\/wp\/v2\/types\/product"}],"replies":[{"embeddable":true,"href":"https:\/\/texsalvenezuela.com\/tienda\/wp-json\/wp\/v2\/comments?post=3999"}],"wp:featuredmedia":[{"embeddable":true,"href":"https:\/\/texsalvenezuela.com\/tienda\/wp-json\/wp\/v2\/media\/6820"}],"wp:attachment":[{"href":"https:\/\/texsalvenezuela.com\/tienda\/wp-json\/wp\/v2\/media?parent=3999"}],"wp:term":[{"taxonomy":"product_cat","embeddable":true,"href":"https:\/\/texsalvenezuela.com\/tienda\/wp-json\/wp\/v2\/product_cat?post=3999"},{"taxonomy":"product_tag","embeddable":true,"href":"https:\/\/texsalvenezuela.com\/tienda\/wp-json\/wp\/v2\/product_tag?post=3999"}],"curies":[{"name":"wp","href":"https:\/\/api.w.org\/{rel}","templated":true}]}}