{"id":4000,"date":"2024-06-12T10:59:35","date_gmt":"2024-06-12T15:59:35","guid":{"rendered":"https:\/\/texsalvenezuela.com\/tienda\/?post_type=product&#038;p=4000"},"modified":"2025-09-12T16:55:42","modified_gmt":"2025-09-12T20:55:42","slug":"shampoo-lavar-carros-concentrado-armor-all-24-oz","status":"publish","type":"product","link":"https:\/\/texsalvenezuela.com\/tienda\/producto\/shampoo-lavar-carros-concentrado-armor-all-24-oz\/","title":{"rendered":"Shampoo Lavar Carros Concentrado Armor All 24 oz"},"content":{"rendered":"<p>El delicado acabado de su autom\u00f3vil es demasiado importante para confiar en productos dom\u00e9sticos como jabones lavavajillas, que pueden contener tensioactivos fuertes que podr\u00edan eliminar la protecci\u00f3n de cera de su veh\u00edculo. Nuestro Armor All<sup>\u00ae<\/sup>\u00a0Car Wash\u00a0 Concentrate ha sido dise\u00f1ado con una f\u00f3rmula espec\u00edfica para que sea resistente a la suciedad y la mugre de los autom\u00f3viles y proporcione un acabado sin rayas.<\/p>\n<p>Como marca de confianza en el cuidado del autom\u00f3vil, nos dedicamos a crear el mejor jab\u00f3n de lavado para su autom\u00f3vil: lo bastante potente como para quitar las manchas rebeldes pero lo bastante suave como para que no elimine la cera.<\/p>\n<ul>\n<li>Elimina la suciedad y la mugre de la carretera<\/li>\n<li>F\u00f3rmula de limpieza y aclarado para obtener resultados sin manchas y sin rayas<\/li>\n<li>No quita la cera, como algunos jabones lavavajillas<\/li>\n<li>Seguro para todos los acabados del autom\u00f3vil, incluidas las capas transparentes<\/li>\n<\/ul>\n","protected":false},"excerpt":{"rendered":"<p><strong>Limpia la suciedad y la mugre m\u00e1s persistentes del autom\u00f3vil<\/strong><\/p>\n","protected":false},"featured_media":2944,"comment_status":"open","ping_status":"closed","template":"","meta":[],"product_cat":[82,23],"product_tag":[71],"_links":{"self":[{"href":"https:\/\/texsalvenezuela.com\/tienda\/wp-json\/wp\/v2\/product\/4000"}],"collection":[{"href":"https:\/\/texsalvenezuela.com\/tienda\/wp-json\/wp\/v2\/product"}],"about":[{"href":"https:\/\/texsalvenezuela.com\/tienda\/wp-json\/wp\/v2\/types\/product"}],"replies":[{"embeddable":true,"href":"https:\/\/texsalvenezuela.com\/tienda\/wp-json\/wp\/v2\/comments?post=4000"}],"wp:featuredmedia":[{"embeddable":true,"href":"https:\/\/texsalvenezuela.com\/tienda\/wp-json\/wp\/v2\/media\/2944"}],"wp:attachment":[{"href":"https:\/\/texsalvenezuela.com\/tienda\/wp-json\/wp\/v2\/media?parent=4000"}],"wp:term":[{"taxonomy":"product_cat","embeddable":true,"href":"https:\/\/texsalvenezuela.com\/tienda\/wp-json\/wp\/v2\/product_cat?post=4000"},{"taxonomy":"product_tag","embeddable":true,"href":"https:\/\/texsalvenezuela.com\/tienda\/wp-json\/wp\/v2\/product_tag?post=4000"}],"curies":[{"name":"wp","href":"https:\/\/api.w.org\/{rel}","templated":true}]}}