{"id":4010,"date":"2024-06-12T10:59:41","date_gmt":"2024-06-12T15:59:41","guid":{"rendered":"https:\/\/texsalvenezuela.com\/tienda\/?post_type=product&#038;p=4010"},"modified":"2025-09-12T16:45:17","modified_gmt":"2025-09-12T20:45:17","slug":"protector-cuero-armor-all-spray-16-oz","status":"publish","type":"product","link":"https:\/\/texsalvenezuela.com\/tienda\/producto\/protector-cuero-armor-all-spray-16-oz\/","title":{"rendered":"Protector Cuero Armor All Spray 16 oz"},"content":{"rendered":"<p>Armor All<sup>\u00ae<\/sup>\u00a0Leather Care Protectant ayuda a mantener el interior de cuero de su autom\u00f3vil como nuevo. El sol, el calor y la humedad afectan al cuero, por lo que es importante prestar atenci\u00f3n y cuidado al cuero de su veh\u00edculo.<\/p>\n<ul>\n<li>Armor All<sup>\u00ae<\/sup>\u00a0Leather Care Protectant renueva y reaviva la belleza natural del cuero para preservar ese aspecto lujoso, suave y flexible que tanto le gusta. Los agentes limpiadores llegan hasta el grano del cuero de su autom\u00f3vil para eliminar la suciedad y los residuos.<\/li>\n<li>Los acondicionadores realzan la belleza natural del cuero, devolvi\u00e9ndole su tacto flexible.<\/li>\n<li>Los poderosos agentes bloqueadores ayudan a proteger contra el envejecimiento prematuro, derrames, manchas, grietas y decoloraci\u00f3n.<\/li>\n<\/ul>\n","protected":false},"excerpt":{"rendered":"<p><strong>Limpia, acondiciona y protege para una lograr una apariencia lujosa duradera.<\/strong><\/p>\n","protected":false},"featured_media":6821,"comment_status":"open","ping_status":"closed","template":"","meta":[],"product_cat":[82,23],"product_tag":[67],"_links":{"self":[{"href":"https:\/\/texsalvenezuela.com\/tienda\/wp-json\/wp\/v2\/product\/4010"}],"collection":[{"href":"https:\/\/texsalvenezuela.com\/tienda\/wp-json\/wp\/v2\/product"}],"about":[{"href":"https:\/\/texsalvenezuela.com\/tienda\/wp-json\/wp\/v2\/types\/product"}],"replies":[{"embeddable":true,"href":"https:\/\/texsalvenezuela.com\/tienda\/wp-json\/wp\/v2\/comments?post=4010"}],"wp:featuredmedia":[{"embeddable":true,"href":"https:\/\/texsalvenezuela.com\/tienda\/wp-json\/wp\/v2\/media\/6821"}],"wp:attachment":[{"href":"https:\/\/texsalvenezuela.com\/tienda\/wp-json\/wp\/v2\/media?parent=4010"}],"wp:term":[{"taxonomy":"product_cat","embeddable":true,"href":"https:\/\/texsalvenezuela.com\/tienda\/wp-json\/wp\/v2\/product_cat?post=4010"},{"taxonomy":"product_tag","embeddable":true,"href":"https:\/\/texsalvenezuela.com\/tienda\/wp-json\/wp\/v2\/product_tag?post=4010"}],"curies":[{"name":"wp","href":"https:\/\/api.w.org\/{rel}","templated":true}]}}