{"id":4019,"date":"2024-06-12T10:59:42","date_gmt":"2024-06-12T15:59:42","guid":{"rendered":"https:\/\/texsalvenezuela.com\/tienda\/?post_type=product&#038;p=4019"},"modified":"2024-09-04T14:45:29","modified_gmt":"2024-09-04T18:45:29","slug":"limpiador-de-rines-sin-restregar-black-magic","status":"publish","type":"product","link":"https:\/\/texsalvenezuela.com\/tienda\/producto\/limpiador-de-rines-sin-restregar-black-magic\/","title":{"rendered":"Limpiador de Rines Sin Restregar Black Magic"},"content":{"rendered":"<h3 class=\"a-spacing-mini\">Limpiador de ruedas Black Magic sin frotar<\/h3>\n<p>Black Magic No Scrub All Wheel Cleaner disuelve el polvo de frenos, la suciedad y la suciedad de la carretera r\u00e1pida y f\u00e1cilmente. Su potente f\u00f3rmula mejora la apariencia de todo tipo de ruedas sin nebulizar ni decolorar. Especialmente formulado para limpiar de forma segura todos los tipos de ruedas, con una qu\u00edmica suave que es segura para su uso en pl\u00e1stico ABS, cromo, aluminio, alambre y ruedas mag con recubrimiento transparente, pulido, pintado o anodizado.<\/p>\n<ul class=\"a-unordered-list a-vertical a-spacing-mini\">\n<li class=\"a-spacing-mini\"><span class=\"a-list-item\">Disuelve el polvo de los frenos, la suciedad y la suciedad de la carretera r\u00e1pida y f\u00e1cilmente. Tipo de ajuste: ajuste universal<\/span><\/li>\n<li class=\"a-spacing-mini\"><span class=\"a-list-item\">Potente f\u00f3rmula que mejora la apariencia de todo tipo de ruedas sin nebulizaci\u00f3n ni decoloraci\u00f3n<\/span><\/li>\n<li class=\"a-spacing-mini\"><span class=\"a-list-item\">La qu\u00edmica suave es pH neutro y es segura para su uso en ruedas de pl\u00e1stico ABS, cromo, aluminio, alambre y mag<\/span><\/li>\n<li class=\"a-spacing-mini\"><span class=\"a-list-item\">Seguro con capa transparente, pulido, pintado o acabado anodizado<\/span><\/li>\n<li class=\"a-spacing-mini\"><span class=\"a-list-item\">No necesita fregar, simplemente aplicar, quitar la manguera y limpiar con un pa\u00f1o.<\/span><\/li>\n<\/ul>\n","protected":false},"excerpt":{"rendered":"<p>Black Magic Limpiador de ruedas sin frotar, no necesita fregar, simplemente aplica, quita la manguera y limpia las ruedas cada vez.<\/p>\n","protected":false},"featured_media":2994,"comment_status":"open","ping_status":"closed","template":"","meta":[],"product_cat":[82,23],"product_tag":[80],"_links":{"self":[{"href":"https:\/\/texsalvenezuela.com\/tienda\/wp-json\/wp\/v2\/product\/4019"}],"collection":[{"href":"https:\/\/texsalvenezuela.com\/tienda\/wp-json\/wp\/v2\/product"}],"about":[{"href":"https:\/\/texsalvenezuela.com\/tienda\/wp-json\/wp\/v2\/types\/product"}],"replies":[{"embeddable":true,"href":"https:\/\/texsalvenezuela.com\/tienda\/wp-json\/wp\/v2\/comments?post=4019"}],"wp:featuredmedia":[{"embeddable":true,"href":"https:\/\/texsalvenezuela.com\/tienda\/wp-json\/wp\/v2\/media\/2994"}],"wp:attachment":[{"href":"https:\/\/texsalvenezuela.com\/tienda\/wp-json\/wp\/v2\/media?parent=4019"}],"wp:term":[{"taxonomy":"product_cat","embeddable":true,"href":"https:\/\/texsalvenezuela.com\/tienda\/wp-json\/wp\/v2\/product_cat?post=4019"},{"taxonomy":"product_tag","embeddable":true,"href":"https:\/\/texsalvenezuela.com\/tienda\/wp-json\/wp\/v2\/product_tag?post=4019"}],"curies":[{"name":"wp","href":"https:\/\/api.w.org\/{rel}","templated":true}]}}