{"id":4025,"date":"2024-06-12T10:59:42","date_gmt":"2024-06-12T15:59:42","guid":{"rendered":"https:\/\/texsalvenezuela.com\/tienda\/?post_type=product&#038;p=4025"},"modified":"2025-09-12T16:59:01","modified_gmt":"2025-09-12T20:59:01","slug":"specialist-wd-40-desengrasante-15-oz","status":"publish","type":"product","link":"https:\/\/texsalvenezuela.com\/tienda\/producto\/specialist-wd-40-desengrasante-15-oz\/","title":{"rendered":"Specialist WD-40 Desengrasante 15 oz"},"content":{"rendered":"<p>Un poderoso desengrasante a base de solvente que realmente disuelve la grasa y el aceite.<\/p>\n<p>WD-40 Specialist\u00ae Degreaser es una f\u00f3rmula de acci\u00f3n r\u00e1pida de fuerza industrial que limpia r\u00e1pidamente herramientas, maquinaria, motores y equipos para que luzcan como nuevos y funcionen sin problemas. Contiene un solvente de fuerza industrial patentado WD-40\u00ae que descompone r\u00e1pidamente la grasa, sin embargo, a diferencia de otros solventes desengrasantes agresivos, es seguro en la mayor\u00eda de las superficies, incluidos metales, pl\u00e1sticos, caucho, vidrio, aluminio y m\u00e1s (si no est\u00e1 seguro, pruebe primero en un \u00e1rea peque\u00f1a) . Excelente para usar en motores de autom\u00f3viles y camiones, tractores, montacargas, engranajes y cadenas, maquinaria industrial, equipos el\u00e9ctricos y otras herramientas met\u00e1licas con suciedad y suciedad grasosa.<\/p>\n","protected":false},"excerpt":{"rendered":"<p>* Alto punto de inflamaci\u00f3n, sin residuos y multisuperficie<br \/>\n* Disuelve grasa y aceite con tecnolog\u00eda patentada WD40 (R)<br \/>\n* Cumple con VOC de 50 estados<br \/>\n* Categor\u00eda NSF K1 (# 150956)<\/p>\n","protected":false},"featured_media":3003,"comment_status":"open","ping_status":"closed","template":"","meta":[],"product_cat":[21],"product_tag":[53],"_links":{"self":[{"href":"https:\/\/texsalvenezuela.com\/tienda\/wp-json\/wp\/v2\/product\/4025"}],"collection":[{"href":"https:\/\/texsalvenezuela.com\/tienda\/wp-json\/wp\/v2\/product"}],"about":[{"href":"https:\/\/texsalvenezuela.com\/tienda\/wp-json\/wp\/v2\/types\/product"}],"replies":[{"embeddable":true,"href":"https:\/\/texsalvenezuela.com\/tienda\/wp-json\/wp\/v2\/comments?post=4025"}],"wp:featuredmedia":[{"embeddable":true,"href":"https:\/\/texsalvenezuela.com\/tienda\/wp-json\/wp\/v2\/media\/3003"}],"wp:attachment":[{"href":"https:\/\/texsalvenezuela.com\/tienda\/wp-json\/wp\/v2\/media?parent=4025"}],"wp:term":[{"taxonomy":"product_cat","embeddable":true,"href":"https:\/\/texsalvenezuela.com\/tienda\/wp-json\/wp\/v2\/product_cat?post=4025"},{"taxonomy":"product_tag","embeddable":true,"href":"https:\/\/texsalvenezuela.com\/tienda\/wp-json\/wp\/v2\/product_tag?post=4025"}],"curies":[{"name":"wp","href":"https:\/\/api.w.org\/{rel}","templated":true}]}}