{"id":4032,"date":"2024-06-12T10:59:43","date_gmt":"2024-06-12T15:59:43","guid":{"rendered":"https:\/\/texsalvenezuela.com\/tienda\/?post_type=product&#038;p=4032"},"modified":"2025-07-16T11:58:14","modified_gmt":"2025-07-16T15:58:14","slug":"wd-40-trigger-pro-20oz","status":"publish","type":"product","link":"https:\/\/texsalvenezuela.com\/tienda\/producto\/wd-40-trigger-pro-20oz\/","title":{"rendered":"WD-40 Trigger Pro 20oz"},"content":{"rendered":"<p>WD-40 Producto Multiusos. F\u00f3rmula original Aflojatodo protege el metal del \u00f3xido, afloja piezas atascadas, aflojatodo, desplaza la humedad y lubrica. La v\u00e1lvula de 360\u00b0 permite aplicar el producto en cualquier posici\u00f3n.<\/p>\n<p>Prueba la v\u00e1lvula de WD-40 Producto Multiusos, permite una aplicaci\u00f3n uniforme y precisa, para poder aplicar el producto en cualquier posici\u00f3n. Pon a prueba la f\u00f3rmula Aflojatodo. Ideal para:<\/p>\n<ul>\n<li><strong>Desplaza la humedad<\/strong>\u00a0para prevenir el \u00f3xido y proteger sistemas el\u00e9ctricos<\/li>\n<li><strong>Penetra<\/strong>\u00a0para aflojar piezas atascadas<\/li>\n<li><strong>Lubrica<\/strong>\u00a0para que el equipo funcione bien<\/li>\n<li><strong>Limpia<\/strong>, eliminando aceite, suciedad, grasa y mugre<\/li>\n<li><strong>Protege<\/strong>\u00a0las superficies de metal contra el \u00f3xido y la corrosi\u00f3n<\/li>\n<li><strong>F\u00e1cil de usar<\/strong><\/li>\n<li><strong>Aflojatodo<\/strong><\/li>\n<\/ul>\n","protected":false},"excerpt":{"rendered":"<h3 class=\"flex items-center p-8 uppercase bg-wd-40-blue font-bold md:text-xl\">CARACTER\u00cdSTICAS<\/h3>\n<div class=\"flex p-8 ltr:pr-2 rtl:pl-2\">\n<ul class=\"w-full list-disc space-y-4\">\n<li>Sin silicona ni disolventes clorados<\/li>\n<li>No conductivo<\/li>\n<li>Compatible con pl\u00e1sticos, cauchos y todos los metales<\/li>\n<li>Es un lubricante ligero<\/li>\n<\/ul>\n<\/div>\n","protected":false},"featured_media":3014,"comment_status":"open","ping_status":"closed","template":"","meta":[],"product_cat":[21],"product_tag":[49],"_links":{"self":[{"href":"https:\/\/texsalvenezuela.com\/tienda\/wp-json\/wp\/v2\/product\/4032"}],"collection":[{"href":"https:\/\/texsalvenezuela.com\/tienda\/wp-json\/wp\/v2\/product"}],"about":[{"href":"https:\/\/texsalvenezuela.com\/tienda\/wp-json\/wp\/v2\/types\/product"}],"replies":[{"embeddable":true,"href":"https:\/\/texsalvenezuela.com\/tienda\/wp-json\/wp\/v2\/comments?post=4032"}],"wp:featuredmedia":[{"embeddable":true,"href":"https:\/\/texsalvenezuela.com\/tienda\/wp-json\/wp\/v2\/media\/3014"}],"wp:attachment":[{"href":"https:\/\/texsalvenezuela.com\/tienda\/wp-json\/wp\/v2\/media?parent=4032"}],"wp:term":[{"taxonomy":"product_cat","embeddable":true,"href":"https:\/\/texsalvenezuela.com\/tienda\/wp-json\/wp\/v2\/product_cat?post=4032"},{"taxonomy":"product_tag","embeddable":true,"href":"https:\/\/texsalvenezuela.com\/tienda\/wp-json\/wp\/v2\/product_tag?post=4032"}],"curies":[{"name":"wp","href":"https:\/\/api.w.org\/{rel}","templated":true}]}}