{"id":4033,"date":"2024-06-12T10:59:43","date_gmt":"2024-06-12T15:59:43","guid":{"rendered":"https:\/\/texsalvenezuela.com\/tienda\/?post_type=product&#038;p=4033"},"modified":"2025-07-16T11:58:34","modified_gmt":"2025-07-16T15:58:34","slug":"wd-40-ez-reach-14-4oz","status":"publish","type":"product","link":"https:\/\/texsalvenezuela.com\/tienda\/producto\/wd-40-ez-reach-14-4oz\/","title":{"rendered":"WD-40\u00ae EZ-REACH 14.4oz"},"content":{"rendered":"<p>WD-40\u00ae EZ-REACH con v\u00e1lvula flexible protege el metal del \u00f3xido y la corrosi\u00f3n, libera piezas atascadas, desplaza la humedad y lubrica.\u00a0 La v\u00e1lvula flexible de 8\u2033 permite una f\u00e1cil aplicaci\u00f3n en espacios de dif\u00edcil acceso. Desplaza la humedad para prevenir el \u00f3xido y proteger sistemas el\u00e9ctricos<\/p>\n<ul>\n<li>Penetra para aflojar piezas atascadas<\/li>\n<li>Lubrica para que el equipo funcione bien<\/li>\n<li>Limpia, eliminando aceite, suciedad, grasa y mugre<\/li>\n<li>Protege las superficies de metal contra el \u00f3xido y la corrosi\u00f3n<\/li>\n<li>F\u00e1cil de usar<\/li>\n<\/ul>\n","protected":false},"excerpt":{"rendered":"<h3 class=\"flex items-center p-8 uppercase bg-wd-40-blue font-bold md:text-xl\">CARACTER\u00cdSTICAS<\/h3>\n<div class=\"flex p-8 ltr:pr-2 rtl:pl-2\">\n<ul class=\"w-full list-disc space-y-4\">\n<li>Sin silicona ni disolventes clorados.<\/li>\n<li>No Conductivo.<\/li>\n<li>Compatible con pl\u00e1sticos, cauchos y todos los metales.<\/li>\n<li>Es un lubricante ligero.<\/li>\n<li>V\u00e1lvula con doble funci\u00f3n.<\/li>\n<\/ul>\n<\/div>\n","protected":false},"featured_media":3016,"comment_status":"open","ping_status":"closed","template":"","meta":[],"product_cat":[21],"product_tag":[49],"_links":{"self":[{"href":"https:\/\/texsalvenezuela.com\/tienda\/wp-json\/wp\/v2\/product\/4033"}],"collection":[{"href":"https:\/\/texsalvenezuela.com\/tienda\/wp-json\/wp\/v2\/product"}],"about":[{"href":"https:\/\/texsalvenezuela.com\/tienda\/wp-json\/wp\/v2\/types\/product"}],"replies":[{"embeddable":true,"href":"https:\/\/texsalvenezuela.com\/tienda\/wp-json\/wp\/v2\/comments?post=4033"}],"wp:featuredmedia":[{"embeddable":true,"href":"https:\/\/texsalvenezuela.com\/tienda\/wp-json\/wp\/v2\/media\/3016"}],"wp:attachment":[{"href":"https:\/\/texsalvenezuela.com\/tienda\/wp-json\/wp\/v2\/media?parent=4033"}],"wp:term":[{"taxonomy":"product_cat","embeddable":true,"href":"https:\/\/texsalvenezuela.com\/tienda\/wp-json\/wp\/v2\/product_cat?post=4033"},{"taxonomy":"product_tag","embeddable":true,"href":"https:\/\/texsalvenezuela.com\/tienda\/wp-json\/wp\/v2\/product_tag?post=4033"}],"curies":[{"name":"wp","href":"https:\/\/api.w.org\/{rel}","templated":true}]}}