{"id":4045,"date":"2024-06-12T10:59:49","date_gmt":"2024-06-12T15:59:49","guid":{"rendered":"https:\/\/texsalvenezuela.com\/tienda\/?post_type=product&#038;p=4045"},"modified":"2025-07-16T11:55:15","modified_gmt":"2025-07-16T15:55:15","slug":"specialist-wd-40-lubricante-seco-8-oz","status":"publish","type":"product","link":"https:\/\/texsalvenezuela.com\/tienda\/producto\/specialist-wd-40-lubricante-seco-8-oz\/","title":{"rendered":"Specialist WD-40 Lubricante Seco 8 Oz"},"content":{"rendered":"<p>WD-40 Specialist Lubricante Seco es un producto que mantiene su equipo funcionando sin problemas con una protecci\u00f3n contra la corrosi\u00f3n de larga duraci\u00f3n. Su f\u00f3rmula evita que se acumule la suciedad, polvo o aceite.<\/p>\n<p>WD-40 Specialist Lubricante Seco con PTFE proporciona una lubricaci\u00f3n superior y una protecci\u00f3n contra la corrosi\u00f3n de larga duraci\u00f3n sin residuos aceitosos. Se utiliza mejor donde se requiere limpieza y m\u00e1ximo rendimiento, ya que se seca r\u00e1pidamente dejando una pel\u00edcula lubricante que resiste la acumulaci\u00f3n de suciedad, polvo y aceite. Excelente para reducir la fricci\u00f3n y el desgaste en hojas y brocas, rieles de puertas y ventanas, gu\u00edas, cintas transportadoras, rodillos, bisagras, sierras de mesa, tornos, herramientas y equipos el\u00e9ctricos. Efectivo en temperaturas que van desde -50 \u00b0 F a 500 \u00b0 F.<\/p>\n<p>&nbsp;<\/p>\n<h3 class=\"flex items-center p-8 uppercase bg-wd-40-blue font-bold md:text-xl\">USOS<\/h3>\n<div class=\"flex p-8 ltr:pr-2 rtl:pl-2\">\n<ul class=\"w-full list-disc space-y-4\">\n<li>Cuchillas, brocas, postas, toboganes<\/li>\n<li>Poleas bisagras, piezas de m\u00e1quinas, interruptores<\/li>\n<li>Cintas transportadoras, rodillos, sierras de mesa<\/li>\n<li>Taladros, tornos y otras herramientas<\/li>\n<li>Equipos el\u00e9ctricos<\/li>\n<\/ul>\n<\/div>\n","protected":false},"excerpt":{"rendered":"<h3 class=\"flex items-center p-8 uppercase bg-wd-40-blue font-bold md:text-xl\">CARACTER\u00cdSTICAS<\/h3>\n<div class=\"flex p-8 ltr:pr-2 rtl:pl-2\">\n<ul class=\"w-full list-disc space-y-4\">\n<li>F\u00f3rmula PTFE, reduce la fricci\u00f3n y desgaste, mejora el rendimiento<\/li>\n<li>Resiste contra la acumulaci\u00f3n de polvo, aceite y suciedad<\/li>\n<li>Categor\u00eda NSF H2 #146856<\/li>\n<li>Rango de temperatura de trabajo -50\u00b0F a 500\u00b0F<\/li>\n<\/ul>\n<\/div>\n","protected":false},"featured_media":3056,"comment_status":"open","ping_status":"closed","template":"","meta":[],"product_cat":[21],"product_tag":[53],"_links":{"self":[{"href":"https:\/\/texsalvenezuela.com\/tienda\/wp-json\/wp\/v2\/product\/4045"}],"collection":[{"href":"https:\/\/texsalvenezuela.com\/tienda\/wp-json\/wp\/v2\/product"}],"about":[{"href":"https:\/\/texsalvenezuela.com\/tienda\/wp-json\/wp\/v2\/types\/product"}],"replies":[{"embeddable":true,"href":"https:\/\/texsalvenezuela.com\/tienda\/wp-json\/wp\/v2\/comments?post=4045"}],"wp:featuredmedia":[{"embeddable":true,"href":"https:\/\/texsalvenezuela.com\/tienda\/wp-json\/wp\/v2\/media\/3056"}],"wp:attachment":[{"href":"https:\/\/texsalvenezuela.com\/tienda\/wp-json\/wp\/v2\/media?parent=4045"}],"wp:term":[{"taxonomy":"product_cat","embeddable":true,"href":"https:\/\/texsalvenezuela.com\/tienda\/wp-json\/wp\/v2\/product_cat?post=4045"},{"taxonomy":"product_tag","embeddable":true,"href":"https:\/\/texsalvenezuela.com\/tienda\/wp-json\/wp\/v2\/product_tag?post=4045"}],"curies":[{"name":"wp","href":"https:\/\/api.w.org\/{rel}","templated":true}]}}