{"id":4073,"date":"2024-06-12T10:59:56","date_gmt":"2024-06-12T15:59:56","guid":{"rendered":"https:\/\/texsalvenezuela.com\/tienda\/?post_type=product&#038;p=4073"},"modified":"2025-07-18T12:37:08","modified_gmt":"2025-07-18T16:37:08","slug":"tuff-stuff-limpiador-en-espuma-22-oz","status":"publish","type":"product","link":"https:\/\/texsalvenezuela.com\/tienda\/producto\/tuff-stuff-limpiador-en-espuma-22-oz\/","title":{"rendered":"Tuff Stuff Limpiador en Espuma 22 Oz"},"content":{"rendered":"<p>Perfecto para limpiar cualquier superficie lavable o pintada. La acci\u00f3n espumosa de limpieza profunda levanta la suciedad y ayuda a restaurar el color y la apariencia reales. Para autom\u00f3viles y barcos: Tuff Stuff es especialmente eficaz para limpiar tapicer\u00eda de vinilo y tela, alfombras, alfombras y cromo. Para el hogar: Tuff Stuff es excelente para electrodom\u00e9sticos de limpieza, f\u00f3rmica, accesorios de ba\u00f1o, baldosas de asfalto o cer\u00e1mica, paredes pintadas, revestimientos de paredes, pantallas, ventiladores de ventanas, porcelana, madera pintada o metal. Elimina la suciedad y las manchas de tapicer\u00eda y alfombras de vinilo o tela. Fabricado en Estados Unidos.<\/p>\n","protected":false},"excerpt":{"rendered":"<ul class=\"a-unordered-list a-vertical a-spacing-mini\">\n<li class=\"a-spacing-mini\"><span class=\"a-list-item\">La intensa acci\u00f3n espumosa del aerosol elimina la suciedad sin frotar.<\/span><\/li>\n<\/ul>\n","protected":false},"featured_media":3106,"comment_status":"open","ping_status":"closed","template":"","meta":[],"product_cat":[83,23],"product_tag":[85],"_links":{"self":[{"href":"https:\/\/texsalvenezuela.com\/tienda\/wp-json\/wp\/v2\/product\/4073"}],"collection":[{"href":"https:\/\/texsalvenezuela.com\/tienda\/wp-json\/wp\/v2\/product"}],"about":[{"href":"https:\/\/texsalvenezuela.com\/tienda\/wp-json\/wp\/v2\/types\/product"}],"replies":[{"embeddable":true,"href":"https:\/\/texsalvenezuela.com\/tienda\/wp-json\/wp\/v2\/comments?post=4073"}],"wp:featuredmedia":[{"embeddable":true,"href":"https:\/\/texsalvenezuela.com\/tienda\/wp-json\/wp\/v2\/media\/3106"}],"wp:attachment":[{"href":"https:\/\/texsalvenezuela.com\/tienda\/wp-json\/wp\/v2\/media?parent=4073"}],"wp:term":[{"taxonomy":"product_cat","embeddable":true,"href":"https:\/\/texsalvenezuela.com\/tienda\/wp-json\/wp\/v2\/product_cat?post=4073"},{"taxonomy":"product_tag","embeddable":true,"href":"https:\/\/texsalvenezuela.com\/tienda\/wp-json\/wp\/v2\/product_tag?post=4073"}],"curies":[{"name":"wp","href":"https:\/\/api.w.org\/{rel}","templated":true}]}}