{"id":4086,"date":"2024-06-12T10:59:57","date_gmt":"2024-06-12T15:59:57","guid":{"rendered":"https:\/\/texsalvenezuela.com\/tienda\/?post_type=product&#038;p=4086"},"modified":"2024-09-04T14:46:47","modified_gmt":"2024-09-04T18:46:47","slug":"flex-tape-negro-102-cm-x-15-mts","status":"publish","type":"product","link":"https:\/\/texsalvenezuela.com\/tienda\/producto\/flex-tape-negro-102-cm-x-15-mts\/","title":{"rendered":"Flex Tape Negro 10,2 Cm X 1,5 Mts"},"content":{"rendered":"<p class=\"tm-swift\">CINTA FLEXIBLE\u00a0<sup class=\"tm-r-mark\">\u00ae<\/sup><\/p>\n<p><strong><i>CINTA IMPERMEABLE S\u00daPER FUERTE<\/i><\/strong><\/p>\n<p>Adhesivo potente con un respaldo de goma grueso y flexible que se adapta pr\u00e1cticamente a cualquier forma y superficie, incluso bajo el agua. Se fortalece con el tiempo y la presi\u00f3n. Resistente a los rayos UV, libre de COV, soporta temperaturas y condiciones clim\u00e1ticas extremas.<\/p>\n<p>\u2022 Reparaciones de plomer\u00eda<\/p>\n<p>\u2022 Sellar el aire y el agua<\/p>\n<p>\u2022 Reparaciones generales del hogar<\/p>\n<p>\u2022 Soluciones r\u00e1pidas en embarcaciones, autom\u00f3viles y veh\u00edculos recreativos<\/p>\n<p>\u2022 Reparaciones de techo<\/p>\n<p>\u2022 Reparaciones de piscinas<\/p>\n<p>\u2022 Reparaciones de ba\u00f1os y duchas<\/p>\n<p>\u2022 Proyectos de bricolaje y m\u00e1s<\/p>\n<p><strong>Funciona en:<\/strong>\u00a0PVC, acr\u00edlico, metal, acero, cobre, aluminio, madera, cer\u00e1mica, porcelana, tejas, vidrio, caucho, fibra de vidrio, estuco, yeso, piedra, cemento, concreto, paneles de yeso, techos de EPDM, algunos pl\u00e1sticos, telas, vinilo y m\u00e1s.<\/p>\n","protected":false},"excerpt":{"rendered":"<p>M\u00faltiples tama\u00f1os disponibles: Grande 4&#8243; x 5&#8242;, Jumbo 8&#8243; x 5&#8242;, Gigante 12&#8243;x10&#8242; y el nuevo MAX 4&#8243; x 25&#8242; y MAX 8&#8243; x 25&#8242;.<\/p>\n<p>Tama\u00f1os MAX disponibles en negro, blanco y transparente.<\/p>\n","protected":false},"featured_media":4097,"comment_status":"open","ping_status":"closed","template":"","meta":[],"product_cat":[20],"product_tag":[46],"_links":{"self":[{"href":"https:\/\/texsalvenezuela.com\/tienda\/wp-json\/wp\/v2\/product\/4086"}],"collection":[{"href":"https:\/\/texsalvenezuela.com\/tienda\/wp-json\/wp\/v2\/product"}],"about":[{"href":"https:\/\/texsalvenezuela.com\/tienda\/wp-json\/wp\/v2\/types\/product"}],"replies":[{"embeddable":true,"href":"https:\/\/texsalvenezuela.com\/tienda\/wp-json\/wp\/v2\/comments?post=4086"}],"wp:featuredmedia":[{"embeddable":true,"href":"https:\/\/texsalvenezuela.com\/tienda\/wp-json\/wp\/v2\/media\/4097"}],"wp:attachment":[{"href":"https:\/\/texsalvenezuela.com\/tienda\/wp-json\/wp\/v2\/media?parent=4086"}],"wp:term":[{"taxonomy":"product_cat","embeddable":true,"href":"https:\/\/texsalvenezuela.com\/tienda\/wp-json\/wp\/v2\/product_cat?post=4086"},{"taxonomy":"product_tag","embeddable":true,"href":"https:\/\/texsalvenezuela.com\/tienda\/wp-json\/wp\/v2\/product_tag?post=4086"}],"curies":[{"name":"wp","href":"https:\/\/api.w.org\/{rel}","templated":true}]}}