{"id":4095,"date":"2024-06-12T10:59:58","date_gmt":"2024-06-12T15:59:58","guid":{"rendered":"https:\/\/texsalvenezuela.com\/tienda\/?post_type=product&#038;p=4095"},"modified":"2024-09-04T14:52:02","modified_gmt":"2024-09-04T18:52:02","slug":"flex-seal-mini-spray-transparente-2oz","status":"publish","type":"product","link":"https:\/\/texsalvenezuela.com\/tienda\/producto\/flex-seal-mini-spray-transparente-2oz\/","title":{"rendered":"Flex Seal Mini Spray Transparente 2oz"},"content":{"rendered":"<p><strong>ES COMO UN ARREGLATODO EN UNA LATA<\/strong><\/p>\n<p><span data-preserver-spaces=\"true\">Nuestro caucho l\u00edquido en lata se roc\u00eda como un l\u00edquido espeso, se filtra en las grietas y agujeros y se seca hasta formar una capa de caucho impermeable, y flexible que detiene las fugas r\u00e1pidamente. Una vez que est\u00e1 seco, se puede pintar de cualquier color. Disponible en 4 colores: negro, blanco, transparente.<\/span><\/p>\n<p><span data-preserver-spaces=\"true\">\u2022 Reparaci\u00f3n de techos y canaletas<br \/>\n\u2022 Climatiza tu hogar<br \/>\n\u2022 Impermeabilizaci\u00f3n de cimientos y hormig\u00f3n<br \/>\n\u2022 Proyectos de interior y exterior<br \/>\n\u2022 Sellar grietas y agujeros<br \/>\n\u2022 Piscinas y equipos de piscina<br \/>\n\u2022 Reparaciones de veh\u00edculos recreativos y autocaravanas<br \/>\n\u2022 Reparaciones de autom\u00f3viles y embarcaciones<br \/>\n\u2022 Arreglos de ba\u00f1o<br \/>\n\u2022 Reparaci\u00f3n de muebles y mucho m\u00e1s<\/span><\/p>\n","protected":false},"excerpt":{"rendered":"<p>Funciona en madera, metal, azulejos, concreto, mamposter\u00eda, tela, vidrio, pl\u00e1stico, aluminio, porcelana, paneles de yeso, caucho, cemento, algunos tipos de vinilo y m\u00e1s.<\/p>\n","protected":false},"featured_media":3310,"comment_status":"open","ping_status":"closed","template":"","meta":[],"product_cat":[20],"product_tag":[48],"_links":{"self":[{"href":"https:\/\/texsalvenezuela.com\/tienda\/wp-json\/wp\/v2\/product\/4095"}],"collection":[{"href":"https:\/\/texsalvenezuela.com\/tienda\/wp-json\/wp\/v2\/product"}],"about":[{"href":"https:\/\/texsalvenezuela.com\/tienda\/wp-json\/wp\/v2\/types\/product"}],"replies":[{"embeddable":true,"href":"https:\/\/texsalvenezuela.com\/tienda\/wp-json\/wp\/v2\/comments?post=4095"}],"wp:featuredmedia":[{"embeddable":true,"href":"https:\/\/texsalvenezuela.com\/tienda\/wp-json\/wp\/v2\/media\/3310"}],"wp:attachment":[{"href":"https:\/\/texsalvenezuela.com\/tienda\/wp-json\/wp\/v2\/media?parent=4095"}],"wp:term":[{"taxonomy":"product_cat","embeddable":true,"href":"https:\/\/texsalvenezuela.com\/tienda\/wp-json\/wp\/v2\/product_cat?post=4095"},{"taxonomy":"product_tag","embeddable":true,"href":"https:\/\/texsalvenezuela.com\/tienda\/wp-json\/wp\/v2\/product_tag?post=4095"}],"curies":[{"name":"wp","href":"https:\/\/api.w.org\/{rel}","templated":true}]}}