{"id":4096,"date":"2024-06-12T10:59:58","date_gmt":"2024-06-12T15:59:58","guid":{"rendered":"https:\/\/texsalvenezuela.com\/tienda\/?post_type=product&#038;p=4096"},"modified":"2024-09-04T14:47:19","modified_gmt":"2024-09-04T18:47:19","slug":"flex-tape-mini-negro","status":"publish","type":"product","link":"https:\/\/texsalvenezuela.com\/tienda\/producto\/flex-tape-mini-negro\/","title":{"rendered":"Flex Tape Mini Negro"},"content":{"rendered":"<p><strong>AHORA PUEDES TENER TODA LA FUERZA DEL FLEX TAPE\u00ae EN UN TAMA\u00d1O PORT\u00c1TIL CONVENIENTE Y F\u00c1CIL DE USAR.<\/strong><\/p>\n<p>Cada empaque incluye dos piezas de Flex Tape Mini de 3&#8243; x 4&#8243; (7.65 cm x 10.2 cm)<\/p>\n<p>Flex Tape Mini es una cinta impermeable s\u00faper fuerte que puede parchar, unir y sellar instant\u00e1neamente pr\u00e1cticamente cualquier cosa. Apl\u00edcalo sobre superficies secas o h\u00famedas, \u00a1e incluso funciona bajo el agua!<\/p>\n","protected":false},"excerpt":{"rendered":"<p>Disponible en negro y transparente en tama\u00f1o 3&#8243; x 4&#8243; (7.65 cm x 10.2 cm)<\/p>\n","protected":false},"featured_media":3311,"comment_status":"open","ping_status":"closed","template":"","meta":[],"product_cat":[20],"product_tag":[48],"_links":{"self":[{"href":"https:\/\/texsalvenezuela.com\/tienda\/wp-json\/wp\/v2\/product\/4096"}],"collection":[{"href":"https:\/\/texsalvenezuela.com\/tienda\/wp-json\/wp\/v2\/product"}],"about":[{"href":"https:\/\/texsalvenezuela.com\/tienda\/wp-json\/wp\/v2\/types\/product"}],"replies":[{"embeddable":true,"href":"https:\/\/texsalvenezuela.com\/tienda\/wp-json\/wp\/v2\/comments?post=4096"}],"wp:featuredmedia":[{"embeddable":true,"href":"https:\/\/texsalvenezuela.com\/tienda\/wp-json\/wp\/v2\/media\/3311"}],"wp:attachment":[{"href":"https:\/\/texsalvenezuela.com\/tienda\/wp-json\/wp\/v2\/media?parent=4096"}],"wp:term":[{"taxonomy":"product_cat","embeddable":true,"href":"https:\/\/texsalvenezuela.com\/tienda\/wp-json\/wp\/v2\/product_cat?post=4096"},{"taxonomy":"product_tag","embeddable":true,"href":"https:\/\/texsalvenezuela.com\/tienda\/wp-json\/wp\/v2\/product_tag?post=4096"}],"curies":[{"name":"wp","href":"https:\/\/api.w.org\/{rel}","templated":true}]}}