{"id":4099,"date":"2024-06-12T11:00:04","date_gmt":"2024-06-12T16:00:04","guid":{"rendered":"https:\/\/texsalvenezuela.com\/tienda\/?post_type=product&#038;p=4099"},"modified":"2024-09-04T14:49:27","modified_gmt":"2024-09-04T18:49:27","slug":"flex-glue-pega-cartucho-10-oz","status":"publish","type":"product","link":"https:\/\/texsalvenezuela.com\/tienda\/producto\/flex-glue-pega-cartucho-10-oz\/","title":{"rendered":"Flex Glue Pega Cartucho 10 Oz"},"content":{"rendered":"<p>\u00a1ADHESIVO IMPERMEABLE CON AGARRE INSTANT\u00c1NEO<\/p>\n<p>Se puede aplicar sobre superficies secas o mojadas, incluso bajo el agua. No tiene solventes, se puede pintar y no se corre ni gotea para aplicaciones elevadas. Disponible en tubos flexibles y cartuchos.<\/p>\n<p>Excelente para:<\/p>\n<p>\u2022 Reparaciones interiores y exteriores del hogar<\/p>\n<p>\u2022 Sellar la entrada del el agua y el aire<\/p>\n<p>\u2022 Reparaci\u00f3n de techos y revestimientos<\/p>\n<p>\u2022 Arreglos para el ba\u00f1o y la ducha<\/p>\n<p>\u2022 Reparaci\u00f3n de zapatos<\/p>\n<p>\u2022 Reparaci\u00f3n de muebles<\/p>\n<p>\u2022 Proyectos de bricolaje y pasatiempos<\/p>\n<p>\u2022 Reparaci\u00f3n de autom\u00f3viles y embarcaciones<\/p>\n<p>\u2022 Reparaci\u00f3n de veh\u00edculos recreativos y casas rodantes<\/p>\n<p>\u2022 Pegar ladrillos y piedras<\/p>\n","protected":false},"excerpt":{"rendered":"<p>Disponible en color blanco<\/p>\n<p>En tubos de 6 oz y cartuchos de 10 oz.<\/p>\n<p>NOTA: Es necesario utilizar una pistola de aplicaci\u00f3n para el cartucho de 10 oz.<\/p>\n<p><strong>Flex Glue funciona en: <\/strong>Metales, madera, espuma, caucho, baldoza, cer\u00e1mica, m\u00e1rmol, porcelana, vidrio, granito, ladrillo, concreto, estuco, yeso, piedra, mamposter\u00eda, paneles de yeso, fibra de vidrio, algunos pl\u00e1sticos &amp; vinilos, PVC, EPS, techos EPDM y m\u00e1s.<\/p>\n","protected":false},"featured_media":3343,"comment_status":"open","ping_status":"closed","template":"","meta":[],"product_cat":[20],"product_tag":[47],"_links":{"self":[{"href":"https:\/\/texsalvenezuela.com\/tienda\/wp-json\/wp\/v2\/product\/4099"}],"collection":[{"href":"https:\/\/texsalvenezuela.com\/tienda\/wp-json\/wp\/v2\/product"}],"about":[{"href":"https:\/\/texsalvenezuela.com\/tienda\/wp-json\/wp\/v2\/types\/product"}],"replies":[{"embeddable":true,"href":"https:\/\/texsalvenezuela.com\/tienda\/wp-json\/wp\/v2\/comments?post=4099"}],"wp:featuredmedia":[{"embeddable":true,"href":"https:\/\/texsalvenezuela.com\/tienda\/wp-json\/wp\/v2\/media\/3343"}],"wp:attachment":[{"href":"https:\/\/texsalvenezuela.com\/tienda\/wp-json\/wp\/v2\/media?parent=4099"}],"wp:term":[{"taxonomy":"product_cat","embeddable":true,"href":"https:\/\/texsalvenezuela.com\/tienda\/wp-json\/wp\/v2\/product_cat?post=4099"},{"taxonomy":"product_tag","embeddable":true,"href":"https:\/\/texsalvenezuela.com\/tienda\/wp-json\/wp\/v2\/product_tag?post=4099"}],"curies":[{"name":"wp","href":"https:\/\/api.w.org\/{rel}","templated":true}]}}