{"id":4103,"date":"2024-06-12T11:00:04","date_gmt":"2024-06-12T16:00:04","guid":{"rendered":"https:\/\/texsalvenezuela.com\/tienda\/?post_type=product&#038;p=4103"},"modified":"2024-09-04T14:58:20","modified_gmt":"2024-09-04T18:58:20","slug":"flex-paste-blanca-136-kg","status":"publish","type":"product","link":"https:\/\/texsalvenezuela.com\/tienda\/producto\/flex-paste-blanca-136-kg\/","title":{"rendered":"Flex Paste Blanca 1,36 Kg"},"content":{"rendered":"<p><strong>PASTA DE CAUCHO S\u00daPER ESPESA, \u00a1SOLO ESPARCE, MOLDEA Y SELLA!<\/strong><\/p>\n<p>Comienza como una pasta espesa y cuando est\u00e1s seca, forma una capa de caucho fuerte y flexible. No se encoge ni se desvanece y se puede pintar de cualquier color. Se puede aplicar sobre superficies secas o mojadas, \u00a1incluso bajo el agua! Disponible en blanco y negro. En tarros y cartuchos.<\/p>\n<p>\u2022 Reparaci\u00f3n grietas y agujeros<\/p>\n<p>\u2022 Reparaci\u00f3n de cimientos y concreto<\/p>\n<p>\u2022 Sellado de la entrada a roedores y plagas<\/p>\n<p>\u2022 Reparaci\u00f3n de ba\u00f1os y duchas<\/p>\n<p>\u2022 Proyectos de interior y exterior<\/p>\n<p>\u2022 Reparaci\u00f3n de techos<\/p>\n<p>\u2022 Reparaci\u00f3n de veh\u00edculos recreativos y autocaravanas<\/p>\n<p>\u2022 Reparaci\u00f3n de autom\u00f3viles y reparaciones de embarcaciones<\/p>\n<p>\u2022 Proyectos de c\u00e9sped y jard\u00edn y mucho m\u00e1s<\/p>\n<p>Funciona en:<\/p>\n<p>Madera, vidrio, teja, concreto, aluminio, metal, ladrillo, estuco, mamposter\u00eda, cobre, tela, fibra de vidrio, cer\u00e1mica, porcelanato, piedras naturales, techos, PVC, EIFS, EPDM, CSPE, poliuretanos Hypalon y mucho m\u00e1s.<\/p>\n","protected":false},"excerpt":{"rendered":"<p>\u00a1DETIENE INUNDACIONES R\u00c1PIDAMENTE!<\/p>\n<p><span data-preserver-spaces=\"true\"><strong>FLEX PASTE<\/strong> La pasta de caucho s\u00faper espesa que se adhiere a la superficie y rellena instant\u00e1neamente grandes huecos, grietas y agujeros. Una vez que est\u00e1 seca, Flex Paste forma una capa de caucho resistente, flexible e impermeable que sella la entrada de aire, agua y humedad. Nuestra f\u00f3rmula s\u00faper espesa no se desvanece bajo el agua e incluso se curar\u00e1 bajo el agua.<\/span><\/p>\n","protected":false},"featured_media":3349,"comment_status":"open","ping_status":"closed","template":"","meta":[],"product_cat":[20],"product_tag":[128],"_links":{"self":[{"href":"https:\/\/texsalvenezuela.com\/tienda\/wp-json\/wp\/v2\/product\/4103"}],"collection":[{"href":"https:\/\/texsalvenezuela.com\/tienda\/wp-json\/wp\/v2\/product"}],"about":[{"href":"https:\/\/texsalvenezuela.com\/tienda\/wp-json\/wp\/v2\/types\/product"}],"replies":[{"embeddable":true,"href":"https:\/\/texsalvenezuela.com\/tienda\/wp-json\/wp\/v2\/comments?post=4103"}],"wp:featuredmedia":[{"embeddable":true,"href":"https:\/\/texsalvenezuela.com\/tienda\/wp-json\/wp\/v2\/media\/3349"}],"wp:attachment":[{"href":"https:\/\/texsalvenezuela.com\/tienda\/wp-json\/wp\/v2\/media?parent=4103"}],"wp:term":[{"taxonomy":"product_cat","embeddable":true,"href":"https:\/\/texsalvenezuela.com\/tienda\/wp-json\/wp\/v2\/product_cat?post=4103"},{"taxonomy":"product_tag","embeddable":true,"href":"https:\/\/texsalvenezuela.com\/tienda\/wp-json\/wp\/v2\/product_tag?post=4103"}],"curies":[{"name":"wp","href":"https:\/\/api.w.org\/{rel}","templated":true}]}}