{"id":4104,"date":"2024-06-12T11:00:04","date_gmt":"2024-06-12T16:00:04","guid":{"rendered":"https:\/\/texsalvenezuela.com\/tienda\/?post_type=product&#038;p=4104"},"modified":"2024-09-04T14:58:45","modified_gmt":"2024-09-04T18:58:45","slug":"flex-seal-liquido-negro-1-galon","status":"publish","type":"product","link":"https:\/\/texsalvenezuela.com\/tienda\/producto\/flex-seal-liquido-negro-1-galon\/","title":{"rendered":"Flex Seal Liquido Negro 1 Gal\u00f3n"},"content":{"rendered":"<p><strong>CAUCHO L\u00cdQUIDO ESPESO QUE PUEDES APLICAR CON BROCHA O RODILLO, SUMERGIR EN \u00c9L O VERTERLO.<\/strong><\/p>\n<p>Sella la entrada del aire, el agua y la humedad, y es resistente al moho, a los qu\u00edmicos y a los rayos UV. Disponible en negro y transparente.<\/p>\n<p>\u2022 Reparaci\u00f3n de hormig\u00f3n y asfalto<\/p>\n<p>\u2022 Reparaci\u00f3n de cimientos<\/p>\n<p>\u2022 Prevenga la filtraci\u00f3n del s\u00f3tano<\/p>\n<p>\u2022 Climatizar y sellar la humedad<\/p>\n<p>\u2022 Reparaci\u00f3n de casas y techos<\/p>\n<p>\u2022 Climatizaci\u00f3n y reparaci\u00f3n de veh\u00edculos recreativos y autocaravanas<\/p>\n<p>\u2022 Piscinas y equipos de piscina<\/p>\n<p>\u2022 \u00a1Estanques al aire libre y ba\u00f1os para p\u00e1jaros y mucho m\u00e1s!<\/p>\n","protected":false},"excerpt":{"rendered":"<p>Funciona en: hormig\u00f3n, vidrio, ladrillo, estuco, mamposter\u00eda, madera, cobre, pl\u00e1stico, azulejos, telas, alambres, vinilo, fibra de vidrio, cer\u00e1mica, porcelana, metal, aluminio, piedras naturales, espuma, asfalto, EIFS, TPO, PVC, EPDM, CSPE, poliuretanos Hypalon y m\u00e1s.<\/p>\n","protected":false},"featured_media":3350,"comment_status":"open","ping_status":"closed","template":"","meta":[],"product_cat":[20],"product_tag":[129],"_links":{"self":[{"href":"https:\/\/texsalvenezuela.com\/tienda\/wp-json\/wp\/v2\/product\/4104"}],"collection":[{"href":"https:\/\/texsalvenezuela.com\/tienda\/wp-json\/wp\/v2\/product"}],"about":[{"href":"https:\/\/texsalvenezuela.com\/tienda\/wp-json\/wp\/v2\/types\/product"}],"replies":[{"embeddable":true,"href":"https:\/\/texsalvenezuela.com\/tienda\/wp-json\/wp\/v2\/comments?post=4104"}],"wp:featuredmedia":[{"embeddable":true,"href":"https:\/\/texsalvenezuela.com\/tienda\/wp-json\/wp\/v2\/media\/3350"}],"wp:attachment":[{"href":"https:\/\/texsalvenezuela.com\/tienda\/wp-json\/wp\/v2\/media?parent=4104"}],"wp:term":[{"taxonomy":"product_cat","embeddable":true,"href":"https:\/\/texsalvenezuela.com\/tienda\/wp-json\/wp\/v2\/product_cat?post=4104"},{"taxonomy":"product_tag","embeddable":true,"href":"https:\/\/texsalvenezuela.com\/tienda\/wp-json\/wp\/v2\/product_tag?post=4104"}],"curies":[{"name":"wp","href":"https:\/\/api.w.org\/{rel}","templated":true}]}}