{"id":4109,"date":"2024-06-12T11:00:05","date_gmt":"2024-06-12T16:00:05","guid":{"rendered":"https:\/\/texsalvenezuela.com\/tienda\/?post_type=product&#038;p=4109"},"modified":"2024-09-06T15:27:26","modified_gmt":"2024-09-06T19:27:26","slug":"flex-super-pega-gel-botella-15g","status":"publish","type":"product","link":"https:\/\/texsalvenezuela.com\/tienda\/producto\/flex-super-pega-gel-botella-15g\/","title":{"rendered":"Flex Super Pega Gel Botella 15g"},"content":{"rendered":"<p><strong><i>Se adhiere al instante, extremadamente duradero.<\/i><\/strong><\/p>\n<p>Nuestro pegamento instant\u00e1neo de alto rendimiento est\u00e1 dise\u00f1ado para funcionar en todo tipo de reparaciones en el hogar. Tiene un aplicador de precisi\u00f3n para que su uso sea f\u00e1cil y pr\u00e1ctico, incluso en \u00e1reas peque\u00f1as o de dif\u00edcil acceso.<\/p>\n<p>\u00a1Pega pl\u00e1stico, metal, cer\u00e1mica, cuero, madera, papel y m\u00e1s!<\/p>\n<p><strong>Disponible en dos opciones:<\/strong><\/p>\n<p>\u2022 L\u00edquido: f\u00e1cil de aplicar y transparente<\/p>\n<p>\u2022 Gel: extra espeso para que no se corra ni gotee<\/p>\n<p><strong>Perfecto para:<\/strong><\/p>\n<p>\u2022 Reparaciones r\u00e1pidas en tu auto o veh\u00edculo recreativo<\/p>\n<p>\u2022 Proyectos de bricolaje, manualidades y pasatiempos<\/p>\n<p>\u2022 Reparaciones para oficinas<\/p>\n<p>\u2022 Reparaci\u00f3n de muebles<\/p>\n<p>\u2022 Reparaci\u00f3n de zapatos<\/p>\n","protected":false},"excerpt":{"rendered":"<p><b>FLEX SUPER GLUE GEL\u00a0<\/b>es extra espeso para que no se corra ni gotee.<\/p>\n<p>Botella de 15g (0.5 oz). Debido a que es m\u00e1s espeso, sigue las instrucciones a continuaci\u00f3n para una f\u00e1cil aplicaci\u00f3n.<\/p>\n","protected":false},"featured_media":3354,"comment_status":"open","ping_status":"closed","template":"","meta":[],"product_cat":[20],"product_tag":[117],"_links":{"self":[{"href":"https:\/\/texsalvenezuela.com\/tienda\/wp-json\/wp\/v2\/product\/4109"}],"collection":[{"href":"https:\/\/texsalvenezuela.com\/tienda\/wp-json\/wp\/v2\/product"}],"about":[{"href":"https:\/\/texsalvenezuela.com\/tienda\/wp-json\/wp\/v2\/types\/product"}],"replies":[{"embeddable":true,"href":"https:\/\/texsalvenezuela.com\/tienda\/wp-json\/wp\/v2\/comments?post=4109"}],"wp:featuredmedia":[{"embeddable":true,"href":"https:\/\/texsalvenezuela.com\/tienda\/wp-json\/wp\/v2\/media\/3354"}],"wp:attachment":[{"href":"https:\/\/texsalvenezuela.com\/tienda\/wp-json\/wp\/v2\/media?parent=4109"}],"wp:term":[{"taxonomy":"product_cat","embeddable":true,"href":"https:\/\/texsalvenezuela.com\/tienda\/wp-json\/wp\/v2\/product_cat?post=4109"},{"taxonomy":"product_tag","embeddable":true,"href":"https:\/\/texsalvenezuela.com\/tienda\/wp-json\/wp\/v2\/product_tag?post=4109"}],"curies":[{"name":"wp","href":"https:\/\/api.w.org\/{rel}","templated":true}]}}