{"id":4161,"date":"2024-06-12T11:00:20","date_gmt":"2024-06-12T16:00:20","guid":{"rendered":"https:\/\/texsalvenezuela.com\/tienda\/?post_type=product&#038;p=4161"},"modified":"2025-09-11T16:37:58","modified_gmt":"2025-09-11T20:37:58","slug":"little-trees-green-sandia-1-pack","status":"publish","type":"product","link":"https:\/\/texsalvenezuela.com\/tienda\/producto\/little-trees-green-sandia-1-pack\/","title":{"rendered":"Little Trees Green Sandia 1 Pack"},"content":{"rendered":"<p>Little Trees es la marca ic\u00f3nica de mayor trayectoria y reconocimiento a nivel mundial en ambientadores de Papel. Fueron los fundadores del ambientador para carros y hoy en d\u00eda est\u00e1n presentes en todos los pa\u00edses del mundo. El producto es de un rendimiento tan bueno, que pasa a formar parte de la cultura y del estilo de vida en el carro.<br \/>\n* Ambientador de Papel No. 1 en el Mundo<br \/>\n* Presencia en m\u00e1s de 1.200 Pel\u00edculas de Hollywood<br \/>\n* Duraci\u00f3n superior a las 4 Semanas seg\u00fan instrucciones<br \/>\n* Producto de Muy Alta calidad<br \/>\n* Fabricado en USA<\/p>\n","protected":false},"excerpt":{"rendered":"<p>Los aromas juegan un papel importante dentro de nuestra vida, ya que de esta manera se crean sensaciones diferentes que nos benefician en nuestro estado de \u00e1nimo.<\/p>\n","protected":false},"featured_media":5437,"comment_status":"open","ping_status":"closed","template":"","meta":[],"product_cat":[19],"product_tag":[29],"_links":{"self":[{"href":"https:\/\/texsalvenezuela.com\/tienda\/wp-json\/wp\/v2\/product\/4161"}],"collection":[{"href":"https:\/\/texsalvenezuela.com\/tienda\/wp-json\/wp\/v2\/product"}],"about":[{"href":"https:\/\/texsalvenezuela.com\/tienda\/wp-json\/wp\/v2\/types\/product"}],"replies":[{"embeddable":true,"href":"https:\/\/texsalvenezuela.com\/tienda\/wp-json\/wp\/v2\/comments?post=4161"}],"wp:featuredmedia":[{"embeddable":true,"href":"https:\/\/texsalvenezuela.com\/tienda\/wp-json\/wp\/v2\/media\/5437"}],"wp:attachment":[{"href":"https:\/\/texsalvenezuela.com\/tienda\/wp-json\/wp\/v2\/media?parent=4161"}],"wp:term":[{"taxonomy":"product_cat","embeddable":true,"href":"https:\/\/texsalvenezuela.com\/tienda\/wp-json\/wp\/v2\/product_cat?post=4161"},{"taxonomy":"product_tag","embeddable":true,"href":"https:\/\/texsalvenezuela.com\/tienda\/wp-json\/wp\/v2\/product_tag?post=4161"}],"curies":[{"name":"wp","href":"https:\/\/api.w.org\/{rel}","templated":true}]}}