{"id":4201,"date":"2024-06-12T11:00:29","date_gmt":"2024-06-12T16:00:29","guid":{"rendered":"https:\/\/texsalvenezuela.com\/tienda\/?post_type=product&#038;p=4201"},"modified":"2025-09-11T16:08:46","modified_gmt":"2025-09-11T20:08:46","slug":"little-trees-vent-wrap-strawberry","status":"publish","type":"product","link":"https:\/\/texsalvenezuela.com\/tienda\/producto\/little-trees-vent-wrap-strawberry\/","title":{"rendered":"Little Trees Vent Wrap Strawberry"},"content":{"rendered":"<p>El Vent Wrap es un ambientador con las mismas fragancias de los arbolitos Little Trees en presentaci\u00f3n de Vent para las rejillas del aire acondicionado. Vienen 4 unidades independientes para usarlo si se desea mayor o menor intensidad. El producto funciona con la salida del aire acondicionado del carro y es discreto para que no se vea.<br \/>\n* Ambientador Totalmente Discreto para la Rejilla del Aire acondicionado<br \/>\n* Cada producto viene con 4 unidades empacadas independientes<br \/>\n* Duraci\u00f3n de hasta 60 d\u00edas<br \/>\n* Fabricado en USA<\/p>\n","protected":false},"excerpt":{"rendered":"<p>LITTLE TREES Vent Wrap es un nuevo enfoque para ventilar ambientadores. Su dise\u00f1o discreto lo hace pr\u00e1cticamente invisible, mientras que la tecnolog\u00eda StediScent pendiente de patente proporciona una fragancia perfecta.<\/p>\n","protected":false},"featured_media":6873,"comment_status":"open","ping_status":"closed","template":"","meta":[],"product_cat":[19],"product_tag":[36],"_links":{"self":[{"href":"https:\/\/texsalvenezuela.com\/tienda\/wp-json\/wp\/v2\/product\/4201"}],"collection":[{"href":"https:\/\/texsalvenezuela.com\/tienda\/wp-json\/wp\/v2\/product"}],"about":[{"href":"https:\/\/texsalvenezuela.com\/tienda\/wp-json\/wp\/v2\/types\/product"}],"replies":[{"embeddable":true,"href":"https:\/\/texsalvenezuela.com\/tienda\/wp-json\/wp\/v2\/comments?post=4201"}],"wp:featuredmedia":[{"embeddable":true,"href":"https:\/\/texsalvenezuela.com\/tienda\/wp-json\/wp\/v2\/media\/6873"}],"wp:attachment":[{"href":"https:\/\/texsalvenezuela.com\/tienda\/wp-json\/wp\/v2\/media?parent=4201"}],"wp:term":[{"taxonomy":"product_cat","embeddable":true,"href":"https:\/\/texsalvenezuela.com\/tienda\/wp-json\/wp\/v2\/product_cat?post=4201"},{"taxonomy":"product_tag","embeddable":true,"href":"https:\/\/texsalvenezuela.com\/tienda\/wp-json\/wp\/v2\/product_tag?post=4201"}],"curies":[{"name":"wp","href":"https:\/\/api.w.org\/{rel}","templated":true}]}}