{"id":4221,"date":"2024-06-12T11:00:37","date_gmt":"2024-06-12T16:00:37","guid":{"rendered":"https:\/\/texsalvenezuela.com\/tienda\/?post_type=product&#038;p=4221"},"modified":"2025-07-16T12:25:27","modified_gmt":"2025-07-16T16:25:27","slug":"sonax-profiline-prepare-control-de-acabado-400-ml","status":"publish","type":"product","link":"https:\/\/texsalvenezuela.com\/tienda\/producto\/sonax-profiline-prepare-control-de-acabado-400-ml\/","title":{"rendered":"Sonax Profiline Prepare Control de Acabado 400 ml"},"content":{"rendered":"<p>* Mezcla especial de disolventes para eliminar con efectividad pel\u00edculas de grasa y de aceite de las superficies pintadas.<br \/>\n* Para preparar pinturas antes de aplicar el sellado duradero PROFILINE Ceramic Coating CC36.<br \/>\n* Ideal para controlar el resultado del pulido en un proceso sin hologramas y para desengrasar antes del pintado.<\/p>\n","protected":false},"excerpt":{"rendered":"<p>SONAX acompa\u00f1a a las personas desde hace m\u00e1s de 70 a\u00f1os. Nos complace mucho ver que la marca y los productos gozan de tanta estima. El reciente nombramiento como \u00abMarca del Siglo\u00bb en la categor\u00eda de cuidado del autom\u00f3vil, numerosos premios en las encuestas de los lectores y las mejores calificaciones de las principales revistas de autom\u00f3viles hablan por s\u00ed mismos sobre SONAX.<\/p>\n","protected":false},"featured_media":3654,"comment_status":"open","ping_status":"closed","template":"","meta":[],"product_cat":[82,23],"product_tag":[75],"_links":{"self":[{"href":"https:\/\/texsalvenezuela.com\/tienda\/wp-json\/wp\/v2\/product\/4221"}],"collection":[{"href":"https:\/\/texsalvenezuela.com\/tienda\/wp-json\/wp\/v2\/product"}],"about":[{"href":"https:\/\/texsalvenezuela.com\/tienda\/wp-json\/wp\/v2\/types\/product"}],"replies":[{"embeddable":true,"href":"https:\/\/texsalvenezuela.com\/tienda\/wp-json\/wp\/v2\/comments?post=4221"}],"wp:featuredmedia":[{"embeddable":true,"href":"https:\/\/texsalvenezuela.com\/tienda\/wp-json\/wp\/v2\/media\/3654"}],"wp:attachment":[{"href":"https:\/\/texsalvenezuela.com\/tienda\/wp-json\/wp\/v2\/media?parent=4221"}],"wp:term":[{"taxonomy":"product_cat","embeddable":true,"href":"https:\/\/texsalvenezuela.com\/tienda\/wp-json\/wp\/v2\/product_cat?post=4221"},{"taxonomy":"product_tag","embeddable":true,"href":"https:\/\/texsalvenezuela.com\/tienda\/wp-json\/wp\/v2\/product_tag?post=4221"}],"curies":[{"name":"wp","href":"https:\/\/api.w.org\/{rel}","templated":true}]}}