{"id":4228,"date":"2024-06-12T11:00:38","date_gmt":"2024-06-12T16:00:38","guid":{"rendered":"https:\/\/texsalvenezuela.com\/tienda\/?post_type=product&#038;p=4228"},"modified":"2025-09-11T14:57:57","modified_gmt":"2025-09-11T18:57:57","slug":"sonax-profiline-recubrimiento-hibrido-cc-one-50-ml","status":"publish","type":"product","link":"https:\/\/texsalvenezuela.com\/tienda\/producto\/sonax-profiline-recubrimiento-hibrido-cc-one-50-ml\/","title":{"rendered":"Sonax Profiline Recubrimiento Hibrido CC One 50 ml"},"content":{"rendered":"<p>* Sellado duradero con un elevado factor de comodidad. Sellado de una sola etapa con una protecci\u00f3n de hasta 15 meses.<br \/>\n* Aplicaci\u00f3n sencilla y r\u00e1pida. Le proporciona a la pintura una marcada intensidad en el color y una superficie suave repelente a la suciedad parecida a la cera.<br \/>\n* Kit con 4 esponjas de aplicaci\u00f3n para 2 aplicaciones.<\/p>\n","protected":false},"excerpt":{"rendered":"<p>La marca SONAX acompa\u00f1a a las personas desde hace m\u00e1s de 70 a\u00f1os. Nos complace mucho ver que la marca y los productos gozan de tanta estima. El reciente nombramiento como \u00abMarca del Siglo\u00bb en la categor\u00eda de cuidado del autom\u00f3vil, numerosos premios en las encuestas de los lectores y las mejores calificaciones de las principales revistas de autom\u00f3viles hablan por s\u00ed mismos sobre SONAX.<\/p>\n","protected":false},"featured_media":3661,"comment_status":"open","ping_status":"closed","template":"","meta":[],"product_cat":[82,23],"product_tag":[75],"_links":{"self":[{"href":"https:\/\/texsalvenezuela.com\/tienda\/wp-json\/wp\/v2\/product\/4228"}],"collection":[{"href":"https:\/\/texsalvenezuela.com\/tienda\/wp-json\/wp\/v2\/product"}],"about":[{"href":"https:\/\/texsalvenezuela.com\/tienda\/wp-json\/wp\/v2\/types\/product"}],"replies":[{"embeddable":true,"href":"https:\/\/texsalvenezuela.com\/tienda\/wp-json\/wp\/v2\/comments?post=4228"}],"wp:featuredmedia":[{"embeddable":true,"href":"https:\/\/texsalvenezuela.com\/tienda\/wp-json\/wp\/v2\/media\/3661"}],"wp:attachment":[{"href":"https:\/\/texsalvenezuela.com\/tienda\/wp-json\/wp\/v2\/media?parent=4228"}],"wp:term":[{"taxonomy":"product_cat","embeddable":true,"href":"https:\/\/texsalvenezuela.com\/tienda\/wp-json\/wp\/v2\/product_cat?post=4228"},{"taxonomy":"product_tag","embeddable":true,"href":"https:\/\/texsalvenezuela.com\/tienda\/wp-json\/wp\/v2\/product_tag?post=4228"}],"curies":[{"name":"wp","href":"https:\/\/api.w.org\/{rel}","templated":true}]}}