{"id":4240,"date":"2024-06-12T11:00:39","date_gmt":"2024-06-12T16:00:39","guid":{"rendered":"https:\/\/texsalvenezuela.com\/tienda\/?post_type=product&#038;p=4240"},"modified":"2025-09-11T14:56:25","modified_gmt":"2025-09-11T18:56:25","slug":"sonax-limpiador-de-aire-acondicionado-para-carro-100-ml","status":"publish","type":"product","link":"https:\/\/texsalvenezuela.com\/tienda\/producto\/sonax-limpiador-de-aire-acondicionado-para-carro-100-ml\/","title":{"rendered":"Sonax Limpiador de aire acondicionado para carro 100 ml"},"content":{"rendered":"<p>El sistema de aire acondicionado es un caldo de cultivo id\u00f3neo para las bacterias, el moho y otros g\u00e9rmenes. Aqu\u00ed pueden surgir olores a moho y tambi\u00e9n puede provocar reacciones al\u00e9rgicas. SONAX A\/C Limpia, desinfecta de forma r\u00e1pida y sencilla los sistemas de ventilaci\u00f3n y evaporadores, elimina el 99,9% de las bacterias, moho y otros g\u00e9rmenes y evita as\u00ed reacciones al\u00e9rgicas. Libera de olores desagradables y con su refrescante aroma a Green Lemon confiere un ambiente agradable en el interior del coche. Muy r\u00e1pido y f\u00e1cil de usar: en s\u00f3lo 15 minutos y sin ning\u00fan esfuerzo, el coche est\u00e1 listo para ser utilizado de nuevo. Utilice desinfectantes de forma segura. Lea siempre la etiqueta y la informaci\u00f3n del producto antes de su uso.<\/p>\n","protected":false},"excerpt":{"rendered":"<p>SONAX acompa\u00f1a a las personas desde hace m\u00e1s de 70 a\u00f1os. Nos complace mucho ver que la marca y los productos gozan de tanta estima. El reciente nombramiento como \u00abMarca del Siglo\u00bb en la categor\u00eda de cuidado del autom\u00f3vil, numerosos premios en las encuestas de los lectores y las mejores calificaciones de las principales revistas de autom\u00f3viles hablan por s\u00ed mismos sobre SONAX.<\/p>\n","protected":false},"featured_media":3673,"comment_status":"open","ping_status":"closed","template":"","meta":[],"product_cat":[82,23],"product_tag":[73],"_links":{"self":[{"href":"https:\/\/texsalvenezuela.com\/tienda\/wp-json\/wp\/v2\/product\/4240"}],"collection":[{"href":"https:\/\/texsalvenezuela.com\/tienda\/wp-json\/wp\/v2\/product"}],"about":[{"href":"https:\/\/texsalvenezuela.com\/tienda\/wp-json\/wp\/v2\/types\/product"}],"replies":[{"embeddable":true,"href":"https:\/\/texsalvenezuela.com\/tienda\/wp-json\/wp\/v2\/comments?post=4240"}],"wp:featuredmedia":[{"embeddable":true,"href":"https:\/\/texsalvenezuela.com\/tienda\/wp-json\/wp\/v2\/media\/3673"}],"wp:attachment":[{"href":"https:\/\/texsalvenezuela.com\/tienda\/wp-json\/wp\/v2\/media?parent=4240"}],"wp:term":[{"taxonomy":"product_cat","embeddable":true,"href":"https:\/\/texsalvenezuela.com\/tienda\/wp-json\/wp\/v2\/product_cat?post=4240"},{"taxonomy":"product_tag","embeddable":true,"href":"https:\/\/texsalvenezuela.com\/tienda\/wp-json\/wp\/v2\/product_tag?post=4240"}],"curies":[{"name":"wp","href":"https:\/\/api.w.org\/{rel}","templated":true}]}}