{"id":4246,"date":"2024-06-12T11:00:39","date_gmt":"2024-06-12T16:00:39","guid":{"rendered":"https:\/\/texsalvenezuela.com\/tienda\/?post_type=product&#038;p=4246"},"modified":"2025-09-11T14:53:44","modified_gmt":"2025-09-11T18:53:44","slug":"sonax-silicona-plus-new-car","status":"publish","type":"product","link":"https:\/\/texsalvenezuela.com\/tienda\/producto\/sonax-silicona-plus-new-car\/","title":{"rendered":"Sonax Silicona Plus New Car"},"content":{"rendered":"<p>* Un cl\u00e1sico: limpia y cuida todas las piezas de pl\u00e1stico del coche.<br \/>\n* Aporta un brillo nuevo y un aroma al salpicadero.<br \/>\n* Tiene un efecto repelente al polvo, antiest\u00e1tico y protege el pl\u00e1stico para que no se vuelva fr\u00e1gil.<br \/>\n* Tambi\u00e9n adecuado para tableros de madera. Sin silicona.<\/p>\n","protected":false},"excerpt":{"rendered":"<p>SONAX acompa\u00f1a a las personas desde hace m\u00e1s de 70 a\u00f1os. Nos complace mucho ver que la marca y los productos gozan de tanta estima. El reciente nombramiento como \u00abMarca del Siglo\u00bb en la categor\u00eda de cuidado del autom\u00f3vil, numerosos premios en las encuestas de los lectores y las mejores calificaciones de las principales revistas de autom\u00f3viles hablan por s\u00ed mismos sobre SONAX.<\/p>\n","protected":false},"featured_media":3679,"comment_status":"open","ping_status":"closed","template":"","meta":[],"product_cat":[82,23],"product_tag":[73],"_links":{"self":[{"href":"https:\/\/texsalvenezuela.com\/tienda\/wp-json\/wp\/v2\/product\/4246"}],"collection":[{"href":"https:\/\/texsalvenezuela.com\/tienda\/wp-json\/wp\/v2\/product"}],"about":[{"href":"https:\/\/texsalvenezuela.com\/tienda\/wp-json\/wp\/v2\/types\/product"}],"replies":[{"embeddable":true,"href":"https:\/\/texsalvenezuela.com\/tienda\/wp-json\/wp\/v2\/comments?post=4246"}],"wp:featuredmedia":[{"embeddable":true,"href":"https:\/\/texsalvenezuela.com\/tienda\/wp-json\/wp\/v2\/media\/3679"}],"wp:attachment":[{"href":"https:\/\/texsalvenezuela.com\/tienda\/wp-json\/wp\/v2\/media?parent=4246"}],"wp:term":[{"taxonomy":"product_cat","embeddable":true,"href":"https:\/\/texsalvenezuela.com\/tienda\/wp-json\/wp\/v2\/product_cat?post=4246"},{"taxonomy":"product_tag","embeddable":true,"href":"https:\/\/texsalvenezuela.com\/tienda\/wp-json\/wp\/v2\/product_tag?post=4246"}],"curies":[{"name":"wp","href":"https:\/\/api.w.org\/{rel}","templated":true}]}}