{"id":4258,"date":"2024-06-12T11:00:47","date_gmt":"2024-06-12T16:00:47","guid":{"rendered":"https:\/\/texsalvenezuela.com\/tienda\/?post_type=product&#038;p=4258"},"modified":"2025-09-11T14:52:11","modified_gmt":"2025-09-11T18:52:11","slug":"sonax-almohadilla-de-pulitura-orbital-duro-143-da","status":"publish","type":"product","link":"https:\/\/texsalvenezuela.com\/tienda\/producto\/sonax-almohadilla-de-pulitura-orbital-duro-143-da\/","title":{"rendered":"Sonax Almohadilla de Pulitura Orbital Duro 143 DA"},"content":{"rendered":"<p>* Esponja dura de poros finos para el pulido de pinturas ara\u00f1adas y desgastadas de los veh\u00edculos con m\u00e1quinas exc\u00e9ntricas.<br \/>\n* Elevada durabilidad gracias a una buena ventilaci\u00f3n y un enfriamiento especial del centro.<br \/>\n* La elevada capacidad de absorci\u00f3n de la esponja evita las salpicaduras del pulimento.<br \/>\n* Cambio r\u00e1pido de la muela gracias a un cierre de velcro.<br \/>\n* Di\u00e1metro 143 y 165 mm.<\/p>\n","protected":false},"excerpt":{"rendered":"<p>SONAX acompa\u00f1a a las personas desde hace m\u00e1s de 70 a\u00f1os. Nos complace mucho ver que la marca y los productos gozan de tanta estima. El reciente nombramiento como \u00abMarca del Siglo\u00bb en la categor\u00eda de cuidado del autom\u00f3vil, numerosos premios en las encuestas de los lectores y las mejores calificaciones de las principales revistas de autom\u00f3viles hablan por s\u00ed mismos sobre SONAX.<\/p>\n","protected":false},"featured_media":3720,"comment_status":"open","ping_status":"closed","template":"","meta":[],"product_cat":[82,23],"product_tag":[76],"_links":{"self":[{"href":"https:\/\/texsalvenezuela.com\/tienda\/wp-json\/wp\/v2\/product\/4258"}],"collection":[{"href":"https:\/\/texsalvenezuela.com\/tienda\/wp-json\/wp\/v2\/product"}],"about":[{"href":"https:\/\/texsalvenezuela.com\/tienda\/wp-json\/wp\/v2\/types\/product"}],"replies":[{"embeddable":true,"href":"https:\/\/texsalvenezuela.com\/tienda\/wp-json\/wp\/v2\/comments?post=4258"}],"wp:featuredmedia":[{"embeddable":true,"href":"https:\/\/texsalvenezuela.com\/tienda\/wp-json\/wp\/v2\/media\/3720"}],"wp:attachment":[{"href":"https:\/\/texsalvenezuela.com\/tienda\/wp-json\/wp\/v2\/media?parent=4258"}],"wp:term":[{"taxonomy":"product_cat","embeddable":true,"href":"https:\/\/texsalvenezuela.com\/tienda\/wp-json\/wp\/v2\/product_cat?post=4258"},{"taxonomy":"product_tag","embeddable":true,"href":"https:\/\/texsalvenezuela.com\/tienda\/wp-json\/wp\/v2\/product_tag?post=4258"}],"curies":[{"name":"wp","href":"https:\/\/api.w.org\/{rel}","templated":true}]}}