{"id":4267,"date":"2024-06-12T11:00:48","date_gmt":"2024-06-12T16:00:48","guid":{"rendered":"https:\/\/texsalvenezuela.com\/tienda\/?post_type=product&#038;p=4267"},"modified":"2025-09-11T14:43:52","modified_gmt":"2025-09-11T18:43:52","slug":"repelente-de-lluvia-de-vidrios-rain-x-7oz","status":"publish","type":"product","link":"https:\/\/texsalvenezuela.com\/tienda\/producto\/repelente-de-lluvia-de-vidrios-rain-x-7oz\/","title":{"rendered":"Repelente de lluvia de vidrios Rain-X 7oz"},"content":{"rendered":"<p>El repelente de agua para vidrio Rain-X trata la superficie del vidrio con una barrera invisible antiadherente s\u00faper resbaladiza que repele la lluvia, el aguanieve y la nieve al contacto; mejorando dr\u00e1sticamente la visibilidad, la seguridad y la comodidad de conducci\u00f3n en todo tipo de clima.<\/p>\n<p>* Aplicaci\u00f3n Simple<br \/>\n* Mejora visibilidad en todas las condiciones clim\u00e1ticas<br \/>\n* Para conducir seguro y c\u00f3modo<br \/>\n* Efectivo para repeler lluvia, granizo y nieve<\/p>\n","protected":false},"excerpt":{"rendered":"<p>El repelente de agua para vidrio Rain-X trata la superficie del vidrio con una barrera invisible antiadherente s\u00faper resbaladiza que repele la lluvia, el aguanieve y la nieve al contacto; mejorando dr\u00e1sticamente la visibilidad, la seguridad y la comodidad de conducci\u00f3n en todo tipo de clima. * Aplicaci\u00f3n Simple * Mejora visibilidad en todas las [&hellip;]<\/p>\n","protected":false},"featured_media":3730,"comment_status":"open","ping_status":"closed","template":"","meta":[],"product_cat":[84,82,23],"product_tag":[91],"_links":{"self":[{"href":"https:\/\/texsalvenezuela.com\/tienda\/wp-json\/wp\/v2\/product\/4267"}],"collection":[{"href":"https:\/\/texsalvenezuela.com\/tienda\/wp-json\/wp\/v2\/product"}],"about":[{"href":"https:\/\/texsalvenezuela.com\/tienda\/wp-json\/wp\/v2\/types\/product"}],"replies":[{"embeddable":true,"href":"https:\/\/texsalvenezuela.com\/tienda\/wp-json\/wp\/v2\/comments?post=4267"}],"wp:featuredmedia":[{"embeddable":true,"href":"https:\/\/texsalvenezuela.com\/tienda\/wp-json\/wp\/v2\/media\/3730"}],"wp:attachment":[{"href":"https:\/\/texsalvenezuela.com\/tienda\/wp-json\/wp\/v2\/media?parent=4267"}],"wp:term":[{"taxonomy":"product_cat","embeddable":true,"href":"https:\/\/texsalvenezuela.com\/tienda\/wp-json\/wp\/v2\/product_cat?post=4267"},{"taxonomy":"product_tag","embeddable":true,"href":"https:\/\/texsalvenezuela.com\/tienda\/wp-json\/wp\/v2\/product_tag?post=4267"}],"curies":[{"name":"wp","href":"https:\/\/api.w.org\/{rel}","templated":true}]}}