{"id":4268,"date":"2024-06-12T11:00:48","date_gmt":"2024-06-12T16:00:48","guid":{"rendered":"https:\/\/texsalvenezuela.com\/tienda\/?post_type=product&#038;p=4268"},"modified":"2025-09-11T14:42:25","modified_gmt":"2025-09-11T18:42:25","slug":"antiempanante-de-vidrios-rain-x-3-5-oz","status":"publish","type":"product","link":"https:\/\/texsalvenezuela.com\/tienda\/producto\/antiempanante-de-vidrios-rain-x-3-5-oz\/","title":{"rendered":"Antiempa\u00f1ante de Vidrios Rain-X 3.5 Oz"},"content":{"rendered":"<p>Rain\u2011X Anti-Fog evita el empa\u00f1amiento interior antes de que comience el problema. Ideal para uso en el hogar y en el autom\u00f3vil.<\/p>\n<ul class=\"a-unordered-list a-vertical a-spacing-mini\">\n<li class=\"a-spacing-mini\"><span class=\"a-list-item\">Reduce el empa\u00f1amiento interior y elimina los residuos de humo<\/span><\/li>\n<li class=\"a-spacing-mini\"><span class=\"a-list-item\">Para uso en cristales y espejos interiores automotrices y marinos<\/span><\/li>\n<li class=\"a-spacing-mini\"><span class=\"a-list-item\">Cabe en guantera, panel de puerta o debajo del asiento<\/span><\/li>\n<\/ul>\n","protected":false},"excerpt":{"rendered":"<p>Rain\u2011X Anti-Fog evita el empa\u00f1amiento interior antes de que comience el problema. Ideal para uso en el hogar y en el autom\u00f3vil. Reduce el empa\u00f1amiento interior y elimina los residuos de humo Para uso en cristales y espejos interiores automotrices y marinos Cabe en guantera, panel de puerta o debajo del asiento<\/p>\n","protected":false},"featured_media":3731,"comment_status":"open","ping_status":"closed","template":"","meta":[],"product_cat":[84,82,23],"product_tag":[94],"_links":{"self":[{"href":"https:\/\/texsalvenezuela.com\/tienda\/wp-json\/wp\/v2\/product\/4268"}],"collection":[{"href":"https:\/\/texsalvenezuela.com\/tienda\/wp-json\/wp\/v2\/product"}],"about":[{"href":"https:\/\/texsalvenezuela.com\/tienda\/wp-json\/wp\/v2\/types\/product"}],"replies":[{"embeddable":true,"href":"https:\/\/texsalvenezuela.com\/tienda\/wp-json\/wp\/v2\/comments?post=4268"}],"wp:featuredmedia":[{"embeddable":true,"href":"https:\/\/texsalvenezuela.com\/tienda\/wp-json\/wp\/v2\/media\/3731"}],"wp:attachment":[{"href":"https:\/\/texsalvenezuela.com\/tienda\/wp-json\/wp\/v2\/media?parent=4268"}],"wp:term":[{"taxonomy":"product_cat","embeddable":true,"href":"https:\/\/texsalvenezuela.com\/tienda\/wp-json\/wp\/v2\/product_cat?post=4268"},{"taxonomy":"product_tag","embeddable":true,"href":"https:\/\/texsalvenezuela.com\/tienda\/wp-json\/wp\/v2\/product_tag?post=4268"}],"curies":[{"name":"wp","href":"https:\/\/api.w.org\/{rel}","templated":true}]}}