{"id":4272,"date":"2024-06-12T11:00:48","date_gmt":"2024-06-12T16:00:48","guid":{"rendered":"https:\/\/texsalvenezuela.com\/tienda\/?post_type=product&#038;p=4272"},"modified":"2025-09-11T14:44:19","modified_gmt":"2025-09-11T18:44:19","slug":"ambientador-platinum-series-mixto-100-dias","status":"publish","type":"product","link":"https:\/\/texsalvenezuela.com\/tienda\/producto\/ambientador-platinum-series-mixto-100-dias\/","title":{"rendered":"Ambientador Platinum Series Mixto 100 d\u00edas"},"content":{"rendered":"<p>El ambientador de latas org\u00e1nicas de la serie Platinum de Paradise Air, est\u00e1 fabricado con almohadillas org\u00e1nicas biodegradables que proporcionan un potente aroma a base de aceite que puede durar hasta 100 d\u00edas.<\/p>\n<p>Fabricado especialmente para tu coche, sin que tengas que preocuparte por derrames ni fugas, pero tambi\u00e9n pr\u00e1ctico para entornos dom\u00e9sticos o de oficina o cualquier espacio cerrado en general.<\/p>\n<p>Cuenta con una tapa ajustable para controlar la intensidad de la fragancia seg\u00fan tus gustos o necesidades.<\/p>\n<p>Caracter\u00edsticas: las fragancias potentes y de alta calidad duran hasta 100 d\u00edas, f\u00e1ciles de usar en el coche, el hogar, el trabajo o cualquier lugar, no se derrama ni gotea l\u00edquido, tapa regulable, almohadillas org\u00e1nicas biodegradables y latas reciclables Instrucciones Coloca el recipiente en cualquier lugar del coche, casa, trabajo u otros espacios cerrados que desees, ajusta la tapa para controlar la intensidad de la fragancia y prep\u00e1rate para disfrutar de una fragancia potente y de alta calidad.<\/p>\n","protected":false},"excerpt":{"rendered":"<p>Paradise Air Platinum Series &#8211; Ambientador\u00a0cargado con aceites arom\u00e1ticos concentrados.<br \/>\nSatisfacci\u00f3n instant\u00e1nea, fragancia de larga duraci\u00f3n. Fabricado en Estados Unidos.<\/p>\n","protected":false},"featured_media":3735,"comment_status":"open","ping_status":"closed","template":"","meta":[],"product_cat":[19],"product_tag":[38],"_links":{"self":[{"href":"https:\/\/texsalvenezuela.com\/tienda\/wp-json\/wp\/v2\/product\/4272"}],"collection":[{"href":"https:\/\/texsalvenezuela.com\/tienda\/wp-json\/wp\/v2\/product"}],"about":[{"href":"https:\/\/texsalvenezuela.com\/tienda\/wp-json\/wp\/v2\/types\/product"}],"replies":[{"embeddable":true,"href":"https:\/\/texsalvenezuela.com\/tienda\/wp-json\/wp\/v2\/comments?post=4272"}],"wp:featuredmedia":[{"embeddable":true,"href":"https:\/\/texsalvenezuela.com\/tienda\/wp-json\/wp\/v2\/media\/3735"}],"wp:attachment":[{"href":"https:\/\/texsalvenezuela.com\/tienda\/wp-json\/wp\/v2\/media?parent=4272"}],"wp:term":[{"taxonomy":"product_cat","embeddable":true,"href":"https:\/\/texsalvenezuela.com\/tienda\/wp-json\/wp\/v2\/product_cat?post=4272"},{"taxonomy":"product_tag","embeddable":true,"href":"https:\/\/texsalvenezuela.com\/tienda\/wp-json\/wp\/v2\/product_tag?post=4272"}],"curies":[{"name":"wp","href":"https:\/\/api.w.org\/{rel}","templated":true}]}}