{"id":4795,"date":"2024-07-10T09:25:52","date_gmt":"2024-07-10T14:25:52","guid":{"rendered":"https:\/\/texsalvenezuela.com\/tienda\/?post_type=product&#038;p=4795"},"modified":"2025-04-11T15:35:53","modified_gmt":"2025-04-11T19:35:53","slug":"caja-shampoo-con-cera-ultra-brillante-armor-all-64-oz","status":"publish","type":"product","link":"https:\/\/texsalvenezuela.com\/tienda\/producto\/caja-shampoo-con-cera-ultra-brillante-armor-all-64-oz\/","title":{"rendered":"Caja Shampoo con Cera Ultra Brillante Armor All 64 oz"},"content":{"rendered":"<h3 style=\"text-align: center;\">6 UNIDADES X CAJA<\/h3>\n<h3 style=\"text-align: center;\">DESCRIPCI\u00d3N DE PRODUCTO<\/h3>\n<p>F\u00f3rmula avanzada del Shampoo con cera Armor All\u00ae ayuda a darle a su autom\u00f3vil un brillo intenso al mismo tiempo que elimina suavemente la suciedad.<\/p>\n<p>Nuestra mezcla patentada de agentes de limpieza, lubricantes de superficie y cera de carnauba aut\u00e9ntica cumplir\u00e1 con los est\u00e1ndares m\u00e1s exigentes y lograr\u00e1 un brillo similar al de un espejo.<\/p>\n<ul>\n<li>Consigue un incre\u00edble brillo Armor All\u00ae<\/li>\n<li>Elimina suavemente la suciedad que puede causar rayas y remolinos<\/li>\n<li>Ayuda a la formaci\u00f3n de gotas de agua sobre la pintura<\/li>\n<li>Proporciona un brillo de espejo cuando se lava<\/li>\n<li>Revela el color profundo y radiante de la pintura<\/li>\n<\/ul>\n","protected":false},"excerpt":{"rendered":"<p><strong>Mantenga el exterior de su veh\u00edculo reluciente. <\/strong><\/p>\n<h3><em>Para compras mayores a 300$ en productos por caja<\/em><\/h3>\n","protected":false},"featured_media":2931,"comment_status":"open","ping_status":"closed","template":"","meta":[],"product_cat":[27],"product_tag":[143],"_links":{"self":[{"href":"https:\/\/texsalvenezuela.com\/tienda\/wp-json\/wp\/v2\/product\/4795"}],"collection":[{"href":"https:\/\/texsalvenezuela.com\/tienda\/wp-json\/wp\/v2\/product"}],"about":[{"href":"https:\/\/texsalvenezuela.com\/tienda\/wp-json\/wp\/v2\/types\/product"}],"replies":[{"embeddable":true,"href":"https:\/\/texsalvenezuela.com\/tienda\/wp-json\/wp\/v2\/comments?post=4795"}],"wp:featuredmedia":[{"embeddable":true,"href":"https:\/\/texsalvenezuela.com\/tienda\/wp-json\/wp\/v2\/media\/2931"}],"wp:attachment":[{"href":"https:\/\/texsalvenezuela.com\/tienda\/wp-json\/wp\/v2\/media?parent=4795"}],"wp:term":[{"taxonomy":"product_cat","embeddable":true,"href":"https:\/\/texsalvenezuela.com\/tienda\/wp-json\/wp\/v2\/product_cat?post=4795"},{"taxonomy":"product_tag","embeddable":true,"href":"https:\/\/texsalvenezuela.com\/tienda\/wp-json\/wp\/v2\/product_tag?post=4795"}],"curies":[{"name":"wp","href":"https:\/\/api.w.org\/{rel}","templated":true}]}}