{"id":4842,"date":"2024-07-10T14:23:10","date_gmt":"2024-07-10T19:23:10","guid":{"rendered":"https:\/\/texsalvenezuela.com\/tienda\/?post_type=product&#038;p=4842"},"modified":"2025-04-11T15:32:14","modified_gmt":"2025-04-11T19:32:14","slug":"caja-brillo-extremo-de-neumaticos-armor-all-4oz","status":"publish","type":"product","link":"https:\/\/texsalvenezuela.com\/tienda\/producto\/caja-brillo-extremo-de-neumaticos-armor-all-4oz\/","title":{"rendered":"Caja Brillo Extremo de Neum\u00e1ticos Armor All 4oz"},"content":{"rendered":"<h3 style=\"text-align: center;\">24 UNIDADES X CAJA<\/h3>\n<h3 style=\"text-align: center;\">DESCRIPCI\u00d3N DE PRODUCTO<\/h3>\n<p>Hacer que sus neum\u00e1ticos se vean mejor es f\u00e1cil con Armor All<sup>\u00ae<\/sup>\u00a0Extreme Tire Shine Spray.<\/p>\n<p>Armor All<sup>\u00ae<\/sup>\u00a0Extreme Tire Shine Spray incluye nuestra f\u00f3rmula protectora \u201cShine-Shield\u201d, que brinda un brillo intenso como un espejo y un aspecto negro intenso. Adem\u00e1s, est\u00e1 fortificado con acondicionadores para proteger y nutrir sus neum\u00e1ticos y preservar su belleza natural a largo plazo.<\/p>\n<ul>\n<li>Potenciadores de brillo adicionales para un brillo intenso como un espejo.<\/li>\n<li>Acondiciona y nutre.<\/li>\n<li>Conserva el aspecto negro intenso de sus neum\u00e1ticos.<\/li>\n<li>Protege de elementos nocivos que pueden causar agrietamiento y deste\u00f1ir el color.<\/li>\n<li>Ayuda a prevenir la degradaci\u00f3n del ozono, que puede provocar resecamiento, agrietamiento y deste\u00f1ir el color.<\/li>\n<\/ul>\n","protected":false},"excerpt":{"rendered":"<p><strong>\u00a1Nuestro brillo negro y h\u00famedo m\u00e1s extremo! Protecci\u00f3n confiable de Armor All\u00ae<\/strong><\/p>\n<h3><em>Para compras mayores a 300$ en productos por caja<\/em><\/h3>\n","protected":false},"featured_media":2940,"comment_status":"open","ping_status":"closed","template":"","meta":[],"product_cat":[27],"product_tag":[143],"_links":{"self":[{"href":"https:\/\/texsalvenezuela.com\/tienda\/wp-json\/wp\/v2\/product\/4842"}],"collection":[{"href":"https:\/\/texsalvenezuela.com\/tienda\/wp-json\/wp\/v2\/product"}],"about":[{"href":"https:\/\/texsalvenezuela.com\/tienda\/wp-json\/wp\/v2\/types\/product"}],"replies":[{"embeddable":true,"href":"https:\/\/texsalvenezuela.com\/tienda\/wp-json\/wp\/v2\/comments?post=4842"}],"wp:featuredmedia":[{"embeddable":true,"href":"https:\/\/texsalvenezuela.com\/tienda\/wp-json\/wp\/v2\/media\/2940"}],"wp:attachment":[{"href":"https:\/\/texsalvenezuela.com\/tienda\/wp-json\/wp\/v2\/media?parent=4842"}],"wp:term":[{"taxonomy":"product_cat","embeddable":true,"href":"https:\/\/texsalvenezuela.com\/tienda\/wp-json\/wp\/v2\/product_cat?post=4842"},{"taxonomy":"product_tag","embeddable":true,"href":"https:\/\/texsalvenezuela.com\/tienda\/wp-json\/wp\/v2\/product_tag?post=4842"}],"curies":[{"name":"wp","href":"https:\/\/api.w.org\/{rel}","templated":true}]}}