{"id":4851,"date":"2024-07-10T15:58:38","date_gmt":"2024-07-10T20:58:38","guid":{"rendered":"https:\/\/texsalvenezuela.com\/tienda\/?post_type=product&#038;p=4851"},"modified":"2025-04-11T15:31:04","modified_gmt":"2025-04-11T19:31:04","slug":"caja-ceramic-limpiador-de-vidrios-armor-all-18oz","status":"publish","type":"product","link":"https:\/\/texsalvenezuela.com\/tienda\/producto\/caja-ceramic-limpiador-de-vidrios-armor-all-18oz\/","title":{"rendered":"Caja 6 Unds Armor All Ceramic Limpiador de parabrisas 18oz"},"content":{"rendered":"<h3 style=\"text-align: center;\">6 UNIDADES X CAJA<\/h3>\n<h3 style=\"text-align: center;\">DESCRIPCI\u00d3N DE PRODUCTO<\/h3>\n<p>Armor All<sup>\u00ae<\/sup>\u00a0Extreme Shield\u2122 + Ceramic Glass Treatment and Cleaner logra una visibilidad y claridad duradera en el parabrisas del auto.<\/p>\n<p>Este tratamiento para el parabrisas crea una barrera protectora que repele el agua e impide la adherencia de los elementos. R\u00e1pido, sencillo y extremadamente eficaz: d\u00e9 a las superficies de vidrio exteriores de su veh\u00edculo el tratamiento extraespecial que se merecen con Armor All<sup>\u00ae<\/sup>\u00a0Extreme Shield + Ceramic Glass Treatment and Cleaner.<\/p>\n<ul>\n<li>La repelencia al agua de larga duraci\u00f3n facilita la limpieza de los vidrios del veh\u00edculo.<\/li>\n<li>Crea una barrera protectora invisible mediante tecnolog\u00eda basada en Si02.<\/li>\n<li>Ayuda a prevenir la adherencia de nieve, hielo, aguanieve y salpicaduras del camino en los vidrios del auto.<\/li>\n<li>Aerosol de uso r\u00e1pido y sencillo.<\/li>\n<li>El rociador multidireccional permite una cobertura uniforme de todas las superficies exteriores de vidrio.<\/li>\n<\/ul>\n","protected":false},"excerpt":{"rendered":"<p><strong>Limpieza y tratamiento del parabrisas con Extreme Shield\u2122 + tecnolog\u00eda cer\u00e1mica hidrof\u00f3bica.<\/strong><\/p>\n<h3><em>Para compras mayores a 300$ en productos por caja<\/em><\/h3>\n","protected":false},"featured_media":5307,"comment_status":"open","ping_status":"closed","template":"","meta":[],"product_cat":[27],"product_tag":[143],"_links":{"self":[{"href":"https:\/\/texsalvenezuela.com\/tienda\/wp-json\/wp\/v2\/product\/4851"}],"collection":[{"href":"https:\/\/texsalvenezuela.com\/tienda\/wp-json\/wp\/v2\/product"}],"about":[{"href":"https:\/\/texsalvenezuela.com\/tienda\/wp-json\/wp\/v2\/types\/product"}],"replies":[{"embeddable":true,"href":"https:\/\/texsalvenezuela.com\/tienda\/wp-json\/wp\/v2\/comments?post=4851"}],"wp:featuredmedia":[{"embeddable":true,"href":"https:\/\/texsalvenezuela.com\/tienda\/wp-json\/wp\/v2\/media\/5307"}],"wp:attachment":[{"href":"https:\/\/texsalvenezuela.com\/tienda\/wp-json\/wp\/v2\/media?parent=4851"}],"wp:term":[{"taxonomy":"product_cat","embeddable":true,"href":"https:\/\/texsalvenezuela.com\/tienda\/wp-json\/wp\/v2\/product_cat?post=4851"},{"taxonomy":"product_tag","embeddable":true,"href":"https:\/\/texsalvenezuela.com\/tienda\/wp-json\/wp\/v2\/product_tag?post=4851"}],"curies":[{"name":"wp","href":"https:\/\/api.w.org\/{rel}","templated":true}]}}