{"id":4857,"date":"2024-07-11T08:26:31","date_gmt":"2024-07-11T13:26:31","guid":{"rendered":"https:\/\/texsalvenezuela.com\/tienda\/?post_type=product&#038;p=4857"},"modified":"2025-04-11T15:23:40","modified_gmt":"2025-04-11T19:23:40","slug":"caja-brillo-extremo-de-neumaticos-en-gel-armor-all-18oz","status":"publish","type":"product","link":"https:\/\/texsalvenezuela.com\/tienda\/producto\/caja-brillo-extremo-de-neumaticos-en-gel-armor-all-18oz\/","title":{"rendered":"Caja Brillo Extremo de Neum\u00e1ticos en Gel Armor All 18oz"},"content":{"rendered":"<h3 style=\"text-align: center;\">4 UNIDADES X CAJA<\/h3>\n<h3 style=\"text-align: center;\">DESCRIPCI\u00d3N DE PRODUCTO<\/h3>\n<p>Haga que ese brillo negro intenso de sus neum\u00e1ticos dure m\u00e1s tiempo con Armor All<sup>\u00ae<\/sup>\u00a0Extreme Tire Shine Gel. Con una f\u00f3rmula avanzada, este gel innovador est\u00e1 dise\u00f1ado para obtener resultados que duran semanas.<\/p>\n<p>Como pioneros en el cuidado de los neum\u00e1ticos, desarrollamos Extreme Tire Shine Gel para que sea un limpiador incre\u00edblemente rico y poderoso que se adhiere a sus neum\u00e1ticos y forma un escudo resistente y duradero. Est\u00e1 fortificado con silicona de alto peso molecular que preservar\u00e1 el brillo intenso y cautivador y el aspecto negro azabache de sus neum\u00e1ticos durante m\u00e1s tiempo. \u00a1No se trata solo de brillar! Los productos para neum\u00e1ticos Armor All<sup>\u00ae<\/sup>\u00a0tambi\u00e9n ayudan a prevenir la degradaci\u00f3n del ozono, que puede provocar resecamiento, agrietamiento y deste\u00f1ir el color.<\/p>\n<ul>\n<li>Brinda un brillo negro verdaderamente elegante que dura semanas<\/li>\n<li>Recubrimiento en gel rico y duradero para una apariencia lisa y uniforme<\/li>\n<li>Fortificado con silicona de alto peso molecular<\/li>\n<li>Protege contra elementos nocivos que pueden causar agrietamiento y deste\u00f1ir el color<\/li>\n<\/ul>\n","protected":false},"excerpt":{"rendered":"<p><strong>\u00a1Nuestro brillo negro h\u00famedo m\u00e1s duradero!<\/strong><\/p>\n<h3><em>Para compras mayores a 300$ en productos por caja<\/em><\/h3>\n","protected":false},"featured_media":2984,"comment_status":"open","ping_status":"closed","template":"","meta":[],"product_cat":[27],"product_tag":[143],"_links":{"self":[{"href":"https:\/\/texsalvenezuela.com\/tienda\/wp-json\/wp\/v2\/product\/4857"}],"collection":[{"href":"https:\/\/texsalvenezuela.com\/tienda\/wp-json\/wp\/v2\/product"}],"about":[{"href":"https:\/\/texsalvenezuela.com\/tienda\/wp-json\/wp\/v2\/types\/product"}],"replies":[{"embeddable":true,"href":"https:\/\/texsalvenezuela.com\/tienda\/wp-json\/wp\/v2\/comments?post=4857"}],"wp:featuredmedia":[{"embeddable":true,"href":"https:\/\/texsalvenezuela.com\/tienda\/wp-json\/wp\/v2\/media\/2984"}],"wp:attachment":[{"href":"https:\/\/texsalvenezuela.com\/tienda\/wp-json\/wp\/v2\/media?parent=4857"}],"wp:term":[{"taxonomy":"product_cat","embeddable":true,"href":"https:\/\/texsalvenezuela.com\/tienda\/wp-json\/wp\/v2\/product_cat?post=4857"},{"taxonomy":"product_tag","embeddable":true,"href":"https:\/\/texsalvenezuela.com\/tienda\/wp-json\/wp\/v2\/product_tag?post=4857"}],"curies":[{"name":"wp","href":"https:\/\/api.w.org\/{rel}","templated":true}]}}