{"id":4858,"date":"2024-07-11T08:29:12","date_gmt":"2024-07-11T13:29:12","guid":{"rendered":"https:\/\/texsalvenezuela.com\/tienda\/?post_type=product&#038;p=4858"},"modified":"2025-04-11T15:23:46","modified_gmt":"2025-04-11T19:23:46","slug":"caja-tratamiento-de-cuero-en-gel-armor-all-18oz","status":"publish","type":"product","link":"https:\/\/texsalvenezuela.com\/tienda\/producto\/caja-tratamiento-de-cuero-en-gel-armor-all-18oz\/","title":{"rendered":"Caja Tratamiento de Cuero en Gel Armor All 18oz"},"content":{"rendered":"<h3 style=\"text-align: center;\">6 UNIDADES X CAJA<\/h3>\n<h3 style=\"text-align: center;\">DESCRIPCI\u00d3N DE PRODUCTO<\/h3>\n<p>Armor All<sup>\u00ae<\/sup>\u00a0Leather Care Gel ayuda a mantener el interior de cuero de su autom\u00f3vil como nuevo. El sol, el calor y la humedad afectan al cuero, por lo que es importante prestar atenci\u00f3n y cuidado al cuero de su veh\u00edculo. Los productos para el cuidado del cuero Armor All<sup>\u00ae<\/sup>\u00a0facilitan que su autom\u00f3vil tenga tan buen aspecto como el d\u00eda que lo compr\u00f3.<\/p>\n<ul>\n<li>Los agentes limpiadores eliminan la suciedad y los residuos al penetrar en el grano del cuero.<\/li>\n<li>Los acondicionadores realzan la abundante belleza natural del cuero, devolvi\u00e9ndole su tacto flexible.<\/li>\n<li>Los poderosos agentes bloqueadores ayudan a proteger contra el envejecimiento prematuro, derrames, manchas, grietas y decoloraci\u00f3n.<\/li>\n<li>Olor fresco y suave.<\/li>\n<li>F\u00e1cil de usar en asientos, paneles y salpicadero.<\/li>\n<\/ul>\n","protected":false},"excerpt":{"rendered":"<p><strong>Limpia, acondiciona y protege para una apariencia lujosa y duradera.<\/strong><\/p>\n<h3><em>Para compras mayores a 300$ en productos por caja<\/em><\/h3>\n<p>&nbsp;<\/p>\n","protected":false},"featured_media":2985,"comment_status":"open","ping_status":"closed","template":"","meta":[],"product_cat":[27],"product_tag":[143],"_links":{"self":[{"href":"https:\/\/texsalvenezuela.com\/tienda\/wp-json\/wp\/v2\/product\/4858"}],"collection":[{"href":"https:\/\/texsalvenezuela.com\/tienda\/wp-json\/wp\/v2\/product"}],"about":[{"href":"https:\/\/texsalvenezuela.com\/tienda\/wp-json\/wp\/v2\/types\/product"}],"replies":[{"embeddable":true,"href":"https:\/\/texsalvenezuela.com\/tienda\/wp-json\/wp\/v2\/comments?post=4858"}],"wp:featuredmedia":[{"embeddable":true,"href":"https:\/\/texsalvenezuela.com\/tienda\/wp-json\/wp\/v2\/media\/2985"}],"wp:attachment":[{"href":"https:\/\/texsalvenezuela.com\/tienda\/wp-json\/wp\/v2\/media?parent=4858"}],"wp:term":[{"taxonomy":"product_cat","embeddable":true,"href":"https:\/\/texsalvenezuela.com\/tienda\/wp-json\/wp\/v2\/product_cat?post=4858"},{"taxonomy":"product_tag","embeddable":true,"href":"https:\/\/texsalvenezuela.com\/tienda\/wp-json\/wp\/v2\/product_tag?post=4858"}],"curies":[{"name":"wp","href":"https:\/\/api.w.org\/{rel}","templated":true}]}}