{"id":4861,"date":"2024-07-11T08:35:33","date_gmt":"2024-07-11T13:35:33","guid":{"rendered":"https:\/\/texsalvenezuela.com\/tienda\/?post_type=product&#038;p=4861"},"modified":"2025-04-11T15:23:20","modified_gmt":"2025-04-11T19:23:20","slug":"caja-shampoo-para-lavar-carro-proteccion-extrema-ceramica-1-48l-armor-all","status":"publish","type":"product","link":"https:\/\/texsalvenezuela.com\/tienda\/producto\/caja-shampoo-para-lavar-carro-proteccion-extrema-ceramica-1-48l-armor-all\/","title":{"rendered":"Caja 4 Unds Armor All Shampoo para Lavar Carro Protecci\u00f3n Extrema Cer\u00e1mica 1.48L"},"content":{"rendered":"<h3 style=\"text-align: center;\">4 UNIDADES X CAJA<\/h3>\n<h3 style=\"text-align: center;\">DESCRIPCI\u00d3N DE PRODUCTO<\/h3>\n<p>Como l\u00edderes en el cuidado del autom\u00f3vil, sabemos lo importante que es encontrar los productos adecuados para que pueda lavar su autom\u00f3vil y dejarlo listo para su pr\u00f3ximo viaje. El jab\u00f3n Armor All<sup>\u00ae<\/sup>\u00a0Extreme Shield\u2122 + Ceramic Car Wash es una f\u00f3rmula pendiente de patente que crea una barrera protectora en el exterior de su autom\u00f3vil.<\/p>\n<p>Mejore la formaci\u00f3n de gotas de agua y repela la suciedad y los contaminantes de la superficie, mientras mantiene su veh\u00edculo limpio durante m\u00e1s tiempo* entre lavados.<\/p>\n<ul class=\"a-unordered-list a-vertical a-spacing-mini\">\n<li class=\"a-spacing-mini\"><span class=\"a-list-item\">Shampoo Ceramico 1.48 Lts, para lavado de coche de cer\u00e1mica Armor All Extreme Shield<\/span><\/li>\n<li class=\"a-spacing-mini\"><span class=\"a-list-item\">El lavado de coche espumoso mantiene tu veh\u00edculo limpio durante m\u00e1s tiempo entre lavados<\/span><\/li>\n<li class=\"a-spacing-mini\"><span class=\"a-list-item\">La tecnolog\u00eda hidrof\u00f3bica crea una barrera protectora invisible para mejorar la repelencia al agua<\/span><\/li>\n<li class=\"a-spacing-mini\"><span class=\"a-list-item\">Ayuda a evitar que la suciedad y los contaminantes se peguen a la superficie del coche<\/span><\/li>\n<li class=\"a-spacing-mini\"><span class=\"a-list-item\">El limpiador de coche crea un efecto de espuma de nieve cuando se utiliza con el ca\u00f1\u00f3n de espuma Armor All<\/span><\/li>\n<\/ul>\n","protected":false},"excerpt":{"rendered":"<h4>INSTRUCCIONES DE USO<\/h4>\n<p>Use este jab\u00f3n de lavado de autom\u00f3viles con escudo cer\u00e1mico para limpiar a fondo su autom\u00f3vil en una zona fresca y sombreada. Para obtener los mejores resultados y una f\u00e1cil distribuci\u00f3n, combine el jab\u00f3n de lavado de autom\u00f3viles de cer\u00e1mica con el ca\u00f1\u00f3n de espuma.<\/p>\n<ol>\n<li>Enjuague el autom\u00f3vil con agua limpia para eliminar la suciedad suelta.<\/li>\n<li>Vierta 2 onzas de concentrado de lavado en un cubo y mezcle con agua.<\/li>\n<li>Use una toalla o manopla de microfibra para limpiar la superficie del autom\u00f3vil realizando movimientos circulares.<\/li>\n<li>Enjuague la toalla o manopla en un cubo aparte de agua limpia para evitar esparcir la suciedad.<\/li>\n<li>Divida la superficie en secciones y esparza suavemente la espuma en la superficie.<\/li>\n<li>Enjuague minuciosamente cada secci\u00f3n.<\/li>\n<li>Seque con un pa\u00f1o suave y seco, una toalla de microfibra o una gamuza. Cuando utilice una m\u00e1quina de lavado a presi\u00f3n, consulte el manual del usuario para garantizar un uso adecuado.<\/li>\n<\/ol>\n<p><strong>Consejos y trucos:\u00a0<\/strong>Para obtener los mejores resultados, \u00faselo con el ca\u00f1\u00f3n de espuma Armor All<sup>\u00ae.<\/sup><\/p>\n<h3><em>Para compras mayores a 300$ en productos por caja<\/em><\/h3>\n","protected":false},"featured_media":5303,"comment_status":"open","ping_status":"closed","template":"","meta":[],"product_cat":[27],"product_tag":[143],"_links":{"self":[{"href":"https:\/\/texsalvenezuela.com\/tienda\/wp-json\/wp\/v2\/product\/4861"}],"collection":[{"href":"https:\/\/texsalvenezuela.com\/tienda\/wp-json\/wp\/v2\/product"}],"about":[{"href":"https:\/\/texsalvenezuela.com\/tienda\/wp-json\/wp\/v2\/types\/product"}],"replies":[{"embeddable":true,"href":"https:\/\/texsalvenezuela.com\/tienda\/wp-json\/wp\/v2\/comments?post=4861"}],"wp:featuredmedia":[{"embeddable":true,"href":"https:\/\/texsalvenezuela.com\/tienda\/wp-json\/wp\/v2\/media\/5303"}],"wp:attachment":[{"href":"https:\/\/texsalvenezuela.com\/tienda\/wp-json\/wp\/v2\/media?parent=4861"}],"wp:term":[{"taxonomy":"product_cat","embeddable":true,"href":"https:\/\/texsalvenezuela.com\/tienda\/wp-json\/wp\/v2\/product_cat?post=4861"},{"taxonomy":"product_tag","embeddable":true,"href":"https:\/\/texsalvenezuela.com\/tienda\/wp-json\/wp\/v2\/product_tag?post=4861"}],"curies":[{"name":"wp","href":"https:\/\/api.w.org\/{rel}","templated":true}]}}