{"id":4862,"date":"2024-07-11T08:45:09","date_gmt":"2024-07-11T13:45:09","guid":{"rendered":"https:\/\/texsalvenezuela.com\/tienda\/?post_type=product&#038;p=4862"},"modified":"2025-09-11T12:44:58","modified_gmt":"2025-09-11T16:44:58","slug":"panos-humedos-limpiadores-armor-all","status":"publish","type":"product","link":"https:\/\/texsalvenezuela.com\/tienda\/producto\/panos-humedos-limpiadores-armor-all\/","title":{"rendered":"Pa\u00f1os H\u00famedos Limpiadores Armor All"},"content":{"rendered":"<h3 class=\"a-spacing-mini\">Armor All Heavy Duty Toallitas de limpieza<\/h3>\n<h5 class=\"a-spacing-mini a-color-secondary\">Resistente, levanta y atrapa la suciedad<\/h5>\n<p class=\"a-spacing-base\">Los suelos duros requieren una toallita de limpieza dura. Las toallitas de limpieza Armor All Heavy Duty son una manera conveniente de limpiar la suciedad dura, la acumulaci\u00f3n de aceite y grasa debajo del cap\u00f3 y en herramientas, piezas peque\u00f1as del motor, pl\u00e1sticos, vinilo y metales. Estas toallitas texturizadas especialmente dise\u00f1adas te permiten aflojar eficazmente suelos dif\u00edciles y limpiar las superficies. Puedes devolver el brillo a tus herramientas, piezas de motor, equipos de c\u00e9sped y jard\u00edn y mucho m\u00e1s.<\/p>\n","protected":false},"excerpt":{"rendered":"<p>Tejido grueso y texturizado con fibras en forma de gofre. Dise\u00f1ado espec\u00edficamente para poder de fregado resistente que levanta y atrapa la suciedad.<\/p>\n","protected":false},"featured_media":4865,"comment_status":"open","ping_status":"closed","template":"","meta":[],"product_cat":[82,23],"product_tag":[69],"_links":{"self":[{"href":"https:\/\/texsalvenezuela.com\/tienda\/wp-json\/wp\/v2\/product\/4862"}],"collection":[{"href":"https:\/\/texsalvenezuela.com\/tienda\/wp-json\/wp\/v2\/product"}],"about":[{"href":"https:\/\/texsalvenezuela.com\/tienda\/wp-json\/wp\/v2\/types\/product"}],"replies":[{"embeddable":true,"href":"https:\/\/texsalvenezuela.com\/tienda\/wp-json\/wp\/v2\/comments?post=4862"}],"wp:featuredmedia":[{"embeddable":true,"href":"https:\/\/texsalvenezuela.com\/tienda\/wp-json\/wp\/v2\/media\/4865"}],"wp:attachment":[{"href":"https:\/\/texsalvenezuela.com\/tienda\/wp-json\/wp\/v2\/media?parent=4862"}],"wp:term":[{"taxonomy":"product_cat","embeddable":true,"href":"https:\/\/texsalvenezuela.com\/tienda\/wp-json\/wp\/v2\/product_cat?post=4862"},{"taxonomy":"product_tag","embeddable":true,"href":"https:\/\/texsalvenezuela.com\/tienda\/wp-json\/wp\/v2\/product_tag?post=4862"}],"curies":[{"name":"wp","href":"https:\/\/api.w.org\/{rel}","templated":true}]}}