{"id":4885,"date":"2024-07-11T10:09:28","date_gmt":"2024-07-11T15:09:28","guid":{"rendered":"https:\/\/texsalvenezuela.com\/tienda\/?post_type=product&#038;p=4885"},"modified":"2025-11-07T12:47:17","modified_gmt":"2025-11-07T16:47:17","slug":"caja-de-6-unds-de-refrigerante-h7-verde","status":"publish","type":"product","link":"https:\/\/texsalvenezuela.com\/tienda\/producto\/caja-de-6-unds-de-refrigerante-h7-verde\/","title":{"rendered":"Caja de 6 Unds. de Refrigerante H7 Verde"},"content":{"rendered":"<h3 style=\"text-align: center;\">6 UNIDADES X CAJA<\/h3>\n<h3 style=\"text-align: center;\">DESCRIPCI\u00d3N DE PRODUCTO<\/h3>\n<p>L\u00edquido especialmente formulado principalmente para inhibir la corrosi\u00f3n y aumentar la transferencia de calor en los sistemas de enfriamiento de veh\u00edculos automotores.<\/p>\n","protected":false},"excerpt":{"rendered":"<p>L\u00edquido especialmente formulado principalmente para inhibir la corrosi\u00f3n y aumentar la transferencia de calor en los sistemas de enfriamiento de veh\u00edculos automotores.<\/p>\n<h3><em>Para compras mayores a 300$ en productos por caja<\/em><\/h3>\n","protected":false},"featured_media":7012,"comment_status":"open","ping_status":"closed","template":"","meta":[],"product_cat":[27],"product_tag":[141],"_links":{"self":[{"href":"https:\/\/texsalvenezuela.com\/tienda\/wp-json\/wp\/v2\/product\/4885"}],"collection":[{"href":"https:\/\/texsalvenezuela.com\/tienda\/wp-json\/wp\/v2\/product"}],"about":[{"href":"https:\/\/texsalvenezuela.com\/tienda\/wp-json\/wp\/v2\/types\/product"}],"replies":[{"embeddable":true,"href":"https:\/\/texsalvenezuela.com\/tienda\/wp-json\/wp\/v2\/comments?post=4885"}],"wp:featuredmedia":[{"embeddable":true,"href":"https:\/\/texsalvenezuela.com\/tienda\/wp-json\/wp\/v2\/media\/7012"}],"wp:attachment":[{"href":"https:\/\/texsalvenezuela.com\/tienda\/wp-json\/wp\/v2\/media?parent=4885"}],"wp:term":[{"taxonomy":"product_cat","embeddable":true,"href":"https:\/\/texsalvenezuela.com\/tienda\/wp-json\/wp\/v2\/product_cat?post=4885"},{"taxonomy":"product_tag","embeddable":true,"href":"https:\/\/texsalvenezuela.com\/tienda\/wp-json\/wp\/v2\/product_tag?post=4885"}],"curies":[{"name":"wp","href":"https:\/\/api.w.org\/{rel}","templated":true}]}}