{"id":4891,"date":"2024-07-11T10:38:55","date_gmt":"2024-07-11T15:38:55","guid":{"rendered":"https:\/\/texsalvenezuela.com\/tienda\/?post_type=product&#038;p=4891"},"modified":"2025-04-11T15:22:13","modified_gmt":"2025-04-11T19:22:13","slug":"caja-de-173-aromatizantes-pinitos-little-trees","status":"publish","type":"product","link":"https:\/\/texsalvenezuela.com\/tienda\/producto\/caja-de-173-aromatizantes-pinitos-little-trees\/","title":{"rendered":"Caja de 144 Aromatizantes Pinitos Little Trees"},"content":{"rendered":"<h3 style=\"text-align: center;\">144 UNIDADES X CAJA<\/h3>\n<p style=\"text-align: center;\">*3 aromas diferentes a escoger<\/p>\n<h3 style=\"text-align: center;\">DESCRIPCI\u00d3N DE PRODUCTO<\/h3>\n<p>&nbsp;<\/p>\n<p>Little Trees es la marca ic\u00f3nica de mayor trayectoria y reconocimiento a nivel mundial en ambientadores de Papel. Fueron los fundadores del ambientador para carros y hoy en d\u00eda est\u00e1n presentes en todos los pa\u00edses del mundo. El producto es de un rendimiento tan bueno, que pasa a formar parte de la cultura y del estilo de vida en el carro.<br \/>\n* Ambientador de Papel No. 1 en el Mundo<br \/>\n* Presencia en m\u00e1s de 1.200 Pel\u00edculas de Hollywood<br \/>\n* Duraci\u00f3n superior a las 4 Semanas seg\u00fan instrucciones<br \/>\n* Producto de Muy Alta calidad<br \/>\n* Fabricado en USA<\/p>\n","protected":false},"excerpt":{"rendered":"<p>Los aromas juegan un papel importante dentro de nuestra vida, ya que de esta manera se crean sensaciones diferentes que nos benefician en nuestro estado de \u00e1nimo.<\/p>\n<h3><em>Para compras mayores a 300$ en productos por caja<\/em><\/h3>\n","protected":false},"featured_media":4158,"comment_status":"open","ping_status":"closed","template":"","meta":[],"product_cat":[27],"product_tag":[146],"_links":{"self":[{"href":"https:\/\/texsalvenezuela.com\/tienda\/wp-json\/wp\/v2\/product\/4891"}],"collection":[{"href":"https:\/\/texsalvenezuela.com\/tienda\/wp-json\/wp\/v2\/product"}],"about":[{"href":"https:\/\/texsalvenezuela.com\/tienda\/wp-json\/wp\/v2\/types\/product"}],"replies":[{"embeddable":true,"href":"https:\/\/texsalvenezuela.com\/tienda\/wp-json\/wp\/v2\/comments?post=4891"}],"wp:featuredmedia":[{"embeddable":true,"href":"https:\/\/texsalvenezuela.com\/tienda\/wp-json\/wp\/v2\/media\/4158"}],"wp:attachment":[{"href":"https:\/\/texsalvenezuela.com\/tienda\/wp-json\/wp\/v2\/media?parent=4891"}],"wp:term":[{"taxonomy":"product_cat","embeddable":true,"href":"https:\/\/texsalvenezuela.com\/tienda\/wp-json\/wp\/v2\/product_cat?post=4891"},{"taxonomy":"product_tag","embeddable":true,"href":"https:\/\/texsalvenezuela.com\/tienda\/wp-json\/wp\/v2\/product_tag?post=4891"}],"curies":[{"name":"wp","href":"https:\/\/api.w.org\/{rel}","templated":true}]}}