{"id":4892,"date":"2024-07-11T11:03:31","date_gmt":"2024-07-11T16:03:31","guid":{"rendered":"https:\/\/texsalvenezuela.com\/tienda\/?post_type=product&#038;p=4892"},"modified":"2025-04-11T15:22:07","modified_gmt":"2025-04-11T19:22:07","slug":"little-trees-fiber-can-1-05-oz","status":"publish","type":"product","link":"https:\/\/texsalvenezuela.com\/tienda\/producto\/little-trees-fiber-can-1-05-oz\/","title":{"rendered":"Caja de 24 Unds. Little Trees Fiber Can 1.05 oz"},"content":{"rendered":"<p>&nbsp;<\/p>\n<p>Ambientador Little Trees en Lata con la misma fragancia de los pinitos, pero una presentaci\u00f3n diferente. Para colocar en cualquier lugar de manera discreta en espacios cerrados. Viene con una rejilla ajustable para poder controlar la intensidad de la fragancia.<\/p>\n<p>* Ambientador de Papel impregnado de Fragancia en Lata<br \/>\n* Duraci\u00f3n hasta 60 d\u00edas<br \/>\n* Misma Fragancia del Pinito<br \/>\n* Rejilla Ajustable<\/p>\n","protected":false},"excerpt":{"rendered":"<ul class=\"a-unordered-list a-vertical a-spacing-mini\">\n<li class=\"a-spacing-mini\"><span class=\"a-list-item\">M\u00e1s que un ambientador para el autom\u00f3vil: refresca tanto tu casa como el viaje con el ambientador original para autos, ideal para usar en lavander\u00edas, garajes, ba\u00f1os y zonas donde haya olor a mascotas.<\/span><\/li>\n<li class=\"a-spacing-mini\"><span class=\"a-list-item\">Fragancia de larga duraci\u00f3n: las tecnolog\u00edas patentadas especializadas y combinadas con fragancias excepcionales ofrecen resultados de calidad duraderos, cada Fiber Can puede durar hasta 60 d\u00edas (la temperatura y el flujo de aire afectar\u00e1n la duraci\u00f3n e intensidad).<\/span><\/li>\n<\/ul>\n<h3><em>Para compras mayores a 300$ en productos por caja<\/em><\/h3>\n","protected":false},"featured_media":3600,"comment_status":"open","ping_status":"closed","template":"","meta":[],"product_cat":[27],"product_tag":[146],"_links":{"self":[{"href":"https:\/\/texsalvenezuela.com\/tienda\/wp-json\/wp\/v2\/product\/4892"}],"collection":[{"href":"https:\/\/texsalvenezuela.com\/tienda\/wp-json\/wp\/v2\/product"}],"about":[{"href":"https:\/\/texsalvenezuela.com\/tienda\/wp-json\/wp\/v2\/types\/product"}],"replies":[{"embeddable":true,"href":"https:\/\/texsalvenezuela.com\/tienda\/wp-json\/wp\/v2\/comments?post=4892"}],"wp:featuredmedia":[{"embeddable":true,"href":"https:\/\/texsalvenezuela.com\/tienda\/wp-json\/wp\/v2\/media\/3600"}],"wp:attachment":[{"href":"https:\/\/texsalvenezuela.com\/tienda\/wp-json\/wp\/v2\/media?parent=4892"}],"wp:term":[{"taxonomy":"product_cat","embeddable":true,"href":"https:\/\/texsalvenezuela.com\/tienda\/wp-json\/wp\/v2\/product_cat?post=4892"},{"taxonomy":"product_tag","embeddable":true,"href":"https:\/\/texsalvenezuela.com\/tienda\/wp-json\/wp\/v2\/product_tag?post=4892"}],"curies":[{"name":"wp","href":"https:\/\/api.w.org\/{rel}","templated":true}]}}