{"id":4893,"date":"2024-07-11T11:12:49","date_gmt":"2024-07-11T16:12:49","guid":{"rendered":"https:\/\/texsalvenezuela.com\/tienda\/?post_type=product&#038;p=4893"},"modified":"2025-04-11T15:21:54","modified_gmt":"2025-04-11T19:21:54","slug":"little-trees-spray-3-5-oz","status":"publish","type":"product","link":"https:\/\/texsalvenezuela.com\/tienda\/producto\/little-trees-spray-3-5-oz\/","title":{"rendered":"Caja de 24 Unds. Little Trees Spray 3.5 oz"},"content":{"rendered":"<h3 style=\"text-align: center;\">24 UNIDADES X CAJA<\/h3>\n<h3 style=\"text-align: center;\">DESCRIPCI\u00d3N DE PRODUCTO<\/h3>\n<p>&nbsp;<\/p>\n<p>El Spray de Little Trees es fabricado con las fragancias m\u00e1s reconocidas de los arbolitos. Su tecnolog\u00eda permite un alcance mayor mediante su fragancia concentrada. Permite guardar f\u00e1cilmente en cualquier lugar y de libre demanda.<\/p>\n<p>* Ambientador en Spray de 103 ml (3.5 oz)<br \/>\n* Tecnolog\u00eda que permite mayor dispersi\u00f3n y alcance<br \/>\n* Concentrado con fragancia de los Pinitos<br \/>\n* Encaja perfectamente en cualquier lugar<\/p>\n","protected":false},"excerpt":{"rendered":"<p>LITTLE TREES Disponibles en botella grande de 3.5 onzas l\u00edquidas, ahora tambi\u00e9n puedes rociar tu fragancia favorita de Little Trees. Ideal para cualquier espacio, el spray proporciona un impulso instant\u00e1neo de fragancia en un formato sin aerosol.<\/p>\n<ul class=\"a-unordered-list a-vertical a-spacing-mini\">\n<li class=\"a-spacing-mini\"><span class=\"a-list-item\">Fabricado con fragancia de alta calidad, fuerte y duradera.<\/span><\/li>\n<\/ul>\n<h3><em>Para compras mayores a 300$ en productos por caja<\/em><\/h3>\n","protected":false},"featured_media":3618,"comment_status":"open","ping_status":"closed","template":"","meta":[],"product_cat":[27],"product_tag":[146],"_links":{"self":[{"href":"https:\/\/texsalvenezuela.com\/tienda\/wp-json\/wp\/v2\/product\/4893"}],"collection":[{"href":"https:\/\/texsalvenezuela.com\/tienda\/wp-json\/wp\/v2\/product"}],"about":[{"href":"https:\/\/texsalvenezuela.com\/tienda\/wp-json\/wp\/v2\/types\/product"}],"replies":[{"embeddable":true,"href":"https:\/\/texsalvenezuela.com\/tienda\/wp-json\/wp\/v2\/comments?post=4893"}],"wp:featuredmedia":[{"embeddable":true,"href":"https:\/\/texsalvenezuela.com\/tienda\/wp-json\/wp\/v2\/media\/3618"}],"wp:attachment":[{"href":"https:\/\/texsalvenezuela.com\/tienda\/wp-json\/wp\/v2\/media?parent=4893"}],"wp:term":[{"taxonomy":"product_cat","embeddable":true,"href":"https:\/\/texsalvenezuela.com\/tienda\/wp-json\/wp\/v2\/product_cat?post=4893"},{"taxonomy":"product_tag","embeddable":true,"href":"https:\/\/texsalvenezuela.com\/tienda\/wp-json\/wp\/v2\/product_tag?post=4893"}],"curies":[{"name":"wp","href":"https:\/\/api.w.org\/{rel}","templated":true}]}}