{"id":4909,"date":"2024-07-11T13:43:01","date_gmt":"2024-07-11T18:43:01","guid":{"rendered":"https:\/\/texsalvenezuela.com\/tienda\/?post_type=product&#038;p=4909"},"modified":"2025-04-11T15:20:50","modified_gmt":"2025-04-11T19:20:50","slug":"caja-de-6-unds-stp-tratamiento-de-trasmision-alto-kilometraje-15oz","status":"publish","type":"product","link":"https:\/\/texsalvenezuela.com\/tienda\/producto\/caja-de-6-unds-stp-tratamiento-de-trasmision-alto-kilometraje-15oz\/","title":{"rendered":"Caja de 6 Unds. STP Tratamiento de Trasmisi\u00f3n Alto Kilometraje 15oz"},"content":{"rendered":"<h3 style=\"text-align: center;\">6 UNIDADES X CAJA<\/h3>\n<h3 style=\"text-align: center;\">DESCRIPCI\u00d3N DE PRODUCTO<\/h3>\n<p>&nbsp;<\/p>\n<p>Dise\u00f1ado cient\u00edficamente con aditivos antienveje y con antioxidantes para ayudar a estabilizar el fluido de transmisi\u00f3n. Formulado para ayudar a reacondicionar y proteger los sellos de la transmisi\u00f3n, detener el deslizamiento de la transmisi\u00f3n y reducir el cambio brusco.<\/p>\n<p>C\u00f3mo ayuda:<\/p>\n<p>Reacondicionar y proteger los sellos de la transmisi\u00f3n<\/p>\n<p>Estabiliza el fluido de transmisi\u00f3n<\/p>\n<p>Ayuda a detener el deslizamiento de la transmisi\u00f3n<\/p>\n","protected":false},"excerpt":{"rendered":"<p>Tasa de tratamiento:<br \/>\nAutom\u00e1tico: una botella de 15 fl. oz. (443 ml) trata hasta 6 cuartos\/litros.<br \/>\nManual: Una botella de 15 fl. oz. (443 ml) trata hasta 18 cuartos\/litros.<\/p>\n<h3><em>Para compras mayores a 300$ en productos por caja<\/em><\/h3>\n","protected":false},"featured_media":3073,"comment_status":"open","ping_status":"closed","template":"","meta":[],"product_cat":[27],"product_tag":[142],"_links":{"self":[{"href":"https:\/\/texsalvenezuela.com\/tienda\/wp-json\/wp\/v2\/product\/4909"}],"collection":[{"href":"https:\/\/texsalvenezuela.com\/tienda\/wp-json\/wp\/v2\/product"}],"about":[{"href":"https:\/\/texsalvenezuela.com\/tienda\/wp-json\/wp\/v2\/types\/product"}],"replies":[{"embeddable":true,"href":"https:\/\/texsalvenezuela.com\/tienda\/wp-json\/wp\/v2\/comments?post=4909"}],"wp:featuredmedia":[{"embeddable":true,"href":"https:\/\/texsalvenezuela.com\/tienda\/wp-json\/wp\/v2\/media\/3073"}],"wp:attachment":[{"href":"https:\/\/texsalvenezuela.com\/tienda\/wp-json\/wp\/v2\/media?parent=4909"}],"wp:term":[{"taxonomy":"product_cat","embeddable":true,"href":"https:\/\/texsalvenezuela.com\/tienda\/wp-json\/wp\/v2\/product_cat?post=4909"},{"taxonomy":"product_tag","embeddable":true,"href":"https:\/\/texsalvenezuela.com\/tienda\/wp-json\/wp\/v2\/product_tag?post=4909"}],"curies":[{"name":"wp","href":"https:\/\/api.w.org\/{rel}","templated":true}]}}