{"id":4910,"date":"2024-07-11T13:45:15","date_gmt":"2024-07-11T18:45:15","guid":{"rendered":"https:\/\/texsalvenezuela.com\/tienda\/?post_type=product&#038;p=4910"},"modified":"2025-04-11T15:20:44","modified_gmt":"2025-04-11T19:20:44","slug":"caja-de-6-unds-stp-flush-de-motor-alto-km-15oz","status":"publish","type":"product","link":"https:\/\/texsalvenezuela.com\/tienda\/producto\/caja-de-6-unds-stp-flush-de-motor-alto-km-15oz\/","title":{"rendered":"Caja de 6 Unds. STP Flush de Motor Alto Km 15oz"},"content":{"rendered":"<h3 style=\"text-align: center;\">6 UNIDADES X CAJA<\/h3>\n<h3 style=\"text-align: center;\">DESCRIPCI\u00d3N DE PRODUCTO<\/h3>\n<p>STP<sup>\u00ae<\/sup>\u00a0Super Concentrated High Mileage Engine Flush est\u00e1 dise\u00f1ado cient\u00edficamente para mejorar el drenaje de aceite en veh\u00edculos con m\u00e1s de 75.000 millas (120.000\u00a0kil\u00f3metros). Los agentes de limpieza s\u00faper concentrados limpian activamente los dep\u00f3sitos del motor y ayudan a reducir la presencia de sedimento y barniz en las cabezas de los cilindros.<\/p>\n<p><strong>C\u00f3mo ayuda:<\/strong><\/p>\n<ul>\n<li>Perfecto para veh\u00edculos con alto kilometraje.<\/li>\n<li>Agentes de limpieza s\u00faper concentrados.<\/li>\n<li>Ayuda a reducir el sedimento y el barniz en las cabezas de los cilindros.<\/li>\n<\/ul>\n","protected":false},"excerpt":{"rendered":"<p><strong>Limpia y prepara el motor para el cambio de aceite.<\/strong><\/p>\n<h3><em>Para compras mayores a 300$ en productos por caja<\/em><\/h3>\n","protected":false},"featured_media":3099,"comment_status":"open","ping_status":"closed","template":"","meta":[],"product_cat":[27],"product_tag":[142],"_links":{"self":[{"href":"https:\/\/texsalvenezuela.com\/tienda\/wp-json\/wp\/v2\/product\/4910"}],"collection":[{"href":"https:\/\/texsalvenezuela.com\/tienda\/wp-json\/wp\/v2\/product"}],"about":[{"href":"https:\/\/texsalvenezuela.com\/tienda\/wp-json\/wp\/v2\/types\/product"}],"replies":[{"embeddable":true,"href":"https:\/\/texsalvenezuela.com\/tienda\/wp-json\/wp\/v2\/comments?post=4910"}],"wp:featuredmedia":[{"embeddable":true,"href":"https:\/\/texsalvenezuela.com\/tienda\/wp-json\/wp\/v2\/media\/3099"}],"wp:attachment":[{"href":"https:\/\/texsalvenezuela.com\/tienda\/wp-json\/wp\/v2\/media?parent=4910"}],"wp:term":[{"taxonomy":"product_cat","embeddable":true,"href":"https:\/\/texsalvenezuela.com\/tienda\/wp-json\/wp\/v2\/product_cat?post=4910"},{"taxonomy":"product_tag","embeddable":true,"href":"https:\/\/texsalvenezuela.com\/tienda\/wp-json\/wp\/v2\/product_tag?post=4910"}],"curies":[{"name":"wp","href":"https:\/\/api.w.org\/{rel}","templated":true}]}}