{"id":4916,"date":"2024-07-11T14:41:38","date_gmt":"2024-07-11T19:41:38","guid":{"rendered":"https:\/\/texsalvenezuela.com\/tienda\/?post_type=product&#038;p=4916"},"modified":"2025-04-11T15:20:10","modified_gmt":"2025-04-11T19:20:10","slug":"caja-de-12-unds-stp-tratamiento-de-humo-14-5oz","status":"publish","type":"product","link":"https:\/\/texsalvenezuela.com\/tienda\/producto\/caja-de-12-unds-stp-tratamiento-de-humo-14-5oz\/","title":{"rendered":"Caja de 12 Unds. STP Tratamiento de Humo 14.5oz"},"content":{"rendered":"<h3 style=\"text-align: center;\">12 UNIDADES X CAJA<\/h3>\n<h3 style=\"text-align: center;\">DESCRIPCI\u00d3N DE PRODUCTO<\/h3>\n<p>&nbsp;<\/p>\n<p>El humo de la combusti\u00f3n de aceite que sale por el ca\u00f1o de escape se genera cuando el aceite del motor ingresa en la c\u00e1mara de combusti\u00f3n y se quema junto con el combustible. Esa condici\u00f3n, conocida como pase de aceite, ocurre cuando la fricci\u00f3n y el contacto entre partes de metal han desgastado las piezas y hay espacios entre las paredes de los cilindros, los anillos de pist\u00f3n y los sellos gu\u00eda de las v\u00e1lvulas.\u00a0 El Tratamiento Anti-Humo STP<sup>\u00ae<\/sup>\u00a0est\u00e1 dise\u00f1ado espec\u00edficamente para reducir esos problemas.<\/p>\n<p><strong>C\u00f3mo ayuda:<\/strong><\/p>\n<ul>\n<li>Reduce el paso de aceite.<\/li>\n<li>Reduce la combusti\u00f3n de aceite y el humo del motor.<\/li>\n<li>Forma un colch\u00f3n grueso de aceite.<\/li>\n<\/ul>\n","protected":false},"excerpt":{"rendered":"<p><strong>Reduce el humo del ca\u00f1o de escape y disminuye el contacto entre partes de metal con un colch\u00f3n grueso de aceite.<\/strong><\/p>\n<p><strong>TASA DE TRATAMIENTO:<\/strong>Un bote sirve para 3-4 litros de aceite.<\/p>\n<h3><em>Para compras mayores a 300$ en productos por caja<\/em><\/h3>\n","protected":false},"featured_media":3101,"comment_status":"open","ping_status":"closed","template":"","meta":[],"product_cat":[27],"product_tag":[142],"_links":{"self":[{"href":"https:\/\/texsalvenezuela.com\/tienda\/wp-json\/wp\/v2\/product\/4916"}],"collection":[{"href":"https:\/\/texsalvenezuela.com\/tienda\/wp-json\/wp\/v2\/product"}],"about":[{"href":"https:\/\/texsalvenezuela.com\/tienda\/wp-json\/wp\/v2\/types\/product"}],"replies":[{"embeddable":true,"href":"https:\/\/texsalvenezuela.com\/tienda\/wp-json\/wp\/v2\/comments?post=4916"}],"wp:featuredmedia":[{"embeddable":true,"href":"https:\/\/texsalvenezuela.com\/tienda\/wp-json\/wp\/v2\/media\/3101"}],"wp:attachment":[{"href":"https:\/\/texsalvenezuela.com\/tienda\/wp-json\/wp\/v2\/media?parent=4916"}],"wp:term":[{"taxonomy":"product_cat","embeddable":true,"href":"https:\/\/texsalvenezuela.com\/tienda\/wp-json\/wp\/v2\/product_cat?post=4916"},{"taxonomy":"product_tag","embeddable":true,"href":"https:\/\/texsalvenezuela.com\/tienda\/wp-json\/wp\/v2\/product_tag?post=4916"}],"curies":[{"name":"wp","href":"https:\/\/api.w.org\/{rel}","templated":true}]}}