{"id":4917,"date":"2024-07-11T14:44:45","date_gmt":"2024-07-11T19:44:45","guid":{"rendered":"https:\/\/texsalvenezuela.com\/tienda\/?post_type=product&#038;p=4917"},"modified":"2025-04-11T15:20:03","modified_gmt":"2025-04-11T19:20:03","slug":"caja-6-unds-stp-ceramic-tratamiento-de-aceite-en-lata-15oz","status":"publish","type":"product","link":"https:\/\/texsalvenezuela.com\/tienda\/producto\/caja-6-unds-stp-ceramic-tratamiento-de-aceite-en-lata-15oz\/","title":{"rendered":"Caja 6 Unds. STP Ceramic Tratamiento de Aceite en Lata 15oz"},"content":{"rendered":"<h3 style=\"text-align: center;\">6 UNIDADES X CAJA<\/h3>\n<h3 style=\"text-align: center;\">DESCRIPCI\u00d3N DE PRODUCTO<\/h3>\n<p>&nbsp;<\/p>\n<p>STP<sup>\u00ae<\/sup>\u00a0Ceramic Oil Treatment con tecnolog\u00eda antifricci\u00f3n brinda una capa avanzada de protecci\u00f3n al aumentar la lubricaci\u00f3n entre partes de metal y prevenir la formaci\u00f3n de dep\u00f3sitos en el motor.<\/p>\n<p><strong>C\u00f3mo ayuda:<\/strong><\/p>\n<ul>\n<li>El recubrimiento cer\u00e1mico duradero se mantiene uniforme incluso despu\u00e9s de un cambio de aceite y cuenta con una protecci\u00f3n extendida por hasta 10.000 millas\/16.000 kil\u00f3metros.<\/li>\n<li>Ayuda a alargar la vida del motor.<\/li>\n<li>Mejora el rendimiento del combustible.<\/li>\n<li>Ayuda a aumentar la potencia.<\/li>\n<li>Limpia y previene los dep\u00f3sitos y acumulaci\u00f3n de sedimentos.<\/li>\n<li>Ayuda a mejorar la lubricidad y el flujo del aceite.<\/li>\n<li>Permite que el motor funcione m\u00e1s con m\u00e1s fluidez y menos ruido.<\/li>\n<\/ul>\n","protected":false},"excerpt":{"rendered":"<p><strong>La tecnolog\u00eda antifricci\u00f3n cer\u00e1mica Si02 brinda una capa avanzada de protecci\u00f3n por hasta 10.000 millas | 16.000 kil\u00f3metros<\/strong><\/p>\n<h3><em>Para compras mayores a 300$ en productos por caja<\/em><\/h3>\n","protected":false},"featured_media":3102,"comment_status":"open","ping_status":"closed","template":"","meta":[],"product_cat":[27],"product_tag":[142],"_links":{"self":[{"href":"https:\/\/texsalvenezuela.com\/tienda\/wp-json\/wp\/v2\/product\/4917"}],"collection":[{"href":"https:\/\/texsalvenezuela.com\/tienda\/wp-json\/wp\/v2\/product"}],"about":[{"href":"https:\/\/texsalvenezuela.com\/tienda\/wp-json\/wp\/v2\/types\/product"}],"replies":[{"embeddable":true,"href":"https:\/\/texsalvenezuela.com\/tienda\/wp-json\/wp\/v2\/comments?post=4917"}],"wp:featuredmedia":[{"embeddable":true,"href":"https:\/\/texsalvenezuela.com\/tienda\/wp-json\/wp\/v2\/media\/3102"}],"wp:attachment":[{"href":"https:\/\/texsalvenezuela.com\/tienda\/wp-json\/wp\/v2\/media?parent=4917"}],"wp:term":[{"taxonomy":"product_cat","embeddable":true,"href":"https:\/\/texsalvenezuela.com\/tienda\/wp-json\/wp\/v2\/product_cat?post=4917"},{"taxonomy":"product_tag","embeddable":true,"href":"https:\/\/texsalvenezuela.com\/tienda\/wp-json\/wp\/v2\/product_tag?post=4917"}],"curies":[{"name":"wp","href":"https:\/\/api.w.org\/{rel}","templated":true}]}}