{"id":4922,"date":"2024-07-11T14:58:42","date_gmt":"2024-07-11T19:58:42","guid":{"rendered":"https:\/\/texsalvenezuela.com\/tienda\/?post_type=product&#038;p=4922"},"modified":"2025-04-11T15:19:19","modified_gmt":"2025-04-11T19:19:19","slug":"caja-de-6-unds-tuff-stuff-limpiador-suciedad-con-tapa-removedora-18oz","status":"publish","type":"product","link":"https:\/\/texsalvenezuela.com\/tienda\/producto\/caja-de-6-unds-tuff-stuff-limpiador-suciedad-con-tapa-removedora-18oz\/","title":{"rendered":"Caja de 6 Unds. Tuff Stuff Limpiador Suciedad con tapa Removedora 18oz"},"content":{"rendered":"<h3 style=\"text-align: center;\">6 UNIDADES X CAJA<\/h3>\n<h3 style=\"text-align: center;\">DESCRIPCI\u00d3N DE PRODUCTO<\/h3>\n<p>&nbsp;<\/p>\n<p>Tuff Stuff El removedor de manchas y limpiador multiusos proporciona un poder de eliminaci\u00f3n de manchas de resistencia industrial especialmente formulado con acci\u00f3n espumosa de limpieza profunda. La tapa de cerdas ayuda a trabajar en la f\u00f3rmula espumosa para levantar las manchas de tierra.<\/p>\n<ul class=\"a-unordered-list a-vertical a-spacing-mini\">\n<li class=\"a-spacing-mini\"><span class=\"a-list-item\">Limpia profundamente las manchas en alfombras y telas<\/span><\/li>\n<li class=\"a-spacing-mini\"><span class=\"a-list-item\">Lo suficientemente fuerte como para levantar las manchas del suelo<\/span><\/li>\n<li class=\"a-spacing-mini\"><span class=\"a-list-item\">La tapa de cerdas soporta un uso resistente sin romperse ni doblarse.<\/span><\/li>\n<\/ul>\n","protected":false},"excerpt":{"rendered":"<p><span class=\"a-list-item\">Limpiador en espuma Tuff Stuff de 18 oZ Spray en aerosol con tapa de cerdas.<\/span><\/p>\n<h3><em>Para compras mayores a 300$ en productos por caja<\/em><\/h3>\n","protected":false},"featured_media":3107,"comment_status":"open","ping_status":"closed","template":"","meta":[],"product_cat":[27],"product_tag":[142],"_links":{"self":[{"href":"https:\/\/texsalvenezuela.com\/tienda\/wp-json\/wp\/v2\/product\/4922"}],"collection":[{"href":"https:\/\/texsalvenezuela.com\/tienda\/wp-json\/wp\/v2\/product"}],"about":[{"href":"https:\/\/texsalvenezuela.com\/tienda\/wp-json\/wp\/v2\/types\/product"}],"replies":[{"embeddable":true,"href":"https:\/\/texsalvenezuela.com\/tienda\/wp-json\/wp\/v2\/comments?post=4922"}],"wp:featuredmedia":[{"embeddable":true,"href":"https:\/\/texsalvenezuela.com\/tienda\/wp-json\/wp\/v2\/media\/3107"}],"wp:attachment":[{"href":"https:\/\/texsalvenezuela.com\/tienda\/wp-json\/wp\/v2\/media?parent=4922"}],"wp:term":[{"taxonomy":"product_cat","embeddable":true,"href":"https:\/\/texsalvenezuela.com\/tienda\/wp-json\/wp\/v2\/product_cat?post=4922"},{"taxonomy":"product_tag","embeddable":true,"href":"https:\/\/texsalvenezuela.com\/tienda\/wp-json\/wp\/v2\/product_tag?post=4922"}],"curies":[{"name":"wp","href":"https:\/\/api.w.org\/{rel}","templated":true}]}}