{"id":4928,"date":"2024-07-11T15:16:46","date_gmt":"2024-07-11T20:16:46","guid":{"rendered":"https:\/\/texsalvenezuela.com\/tienda\/?post_type=product&#038;p=4928"},"modified":"2025-04-11T15:18:13","modified_gmt":"2025-04-11T19:18:13","slug":"caja-de-12-unds-lubricante-en-gel-10oz-specialist-wd-40","status":"publish","type":"product","link":"https:\/\/texsalvenezuela.com\/tienda\/producto\/caja-de-12-unds-lubricante-en-gel-10oz-specialist-wd-40\/","title":{"rendered":"Caja de 12 Unds. Lubricante en Gel 10oz Specialist WD-40"},"content":{"rendered":"<h3 style=\"text-align: center;\">12 UNIDADES X CAJA<\/h3>\n<h3 style=\"text-align: center;\">DESCRIPCI\u00d3N DE PRODUCTO<\/h3>\n<p>&nbsp;<\/p>\n<p>WD-40 Specialist Lubricante en Gel basado en una f\u00f3rmula que no gotea. ofrece una lubricaci\u00f3n 12 veces m\u00e1s duradera en comparaci\u00f3n con el producto multiusos. Dise\u00f1ado para una protecci\u00f3n superior que resiste el agua y desplaza la humedad para prevenir la oxidaci\u00f3n hasta un a\u00f1o. Este gel se vuelve espeso y permanece donde se roc\u00eda, lo que lo hace ideal para usar en superficies verticales y ofrece una protecci\u00f3n antideslizante para las partes m\u00f3viles como engranajes, cojinetes, cables, cadenas, rodillos y m\u00e1s. Una vez aplicado, resiste rangos de temperatura de -100 \u00b0 F a 500 \u00b0 F. Seguro en m\u00faltiples superficies, incluidos metales, pl\u00e1stico y caucho.<\/p>\n<h3 class=\"flex items-center p-8 uppercase bg-wd-40-blue font-bold md:text-xl\">USOS<\/h3>\n<div class=\"flex p-8 ltr:pr-2 rtl:pl-2\">\n<ul class=\"w-full list-disc space-y-4\">\n<li>Cadenas, cables<\/li>\n<li>Engranajes<\/li>\n<li>rodillos<\/li>\n<li>Piezas m\u00f3viles<\/li>\n<li>Superficies V\u00e9rticales<\/li>\n<\/ul>\n<\/div>\n","protected":false},"excerpt":{"rendered":"<h3 class=\"flex items-center p-8 uppercase bg-wd-40-blue font-bold md:text-xl\">CARACTER\u00cdSTICAS<\/h3>\n<div class=\"flex p-8 ltr:pr-2 rtl:pl-2\">\n<ul class=\"w-full list-disc space-y-4\">\n<li>No gotea, no ensucia, no es escurridizo<\/li>\n<li>Permanece donde se roc\u00eda, es perfecto para supercicies v\u00e9rticales<\/li>\n<li>Seguro de usar en metales, pl\u00e1sticos y goma<\/li>\n<li>temperatura de trabajo \/ temperatura ambiente<\/li>\n<li>La f\u00f3rmula espesa previene la oxidaci\u00f3n hasta por un a\u00f1o.<\/li>\n<\/ul>\n<h3><em>Para compras mayores a 300$ en productos por caja<\/em><\/h3>\n<\/div>\n","protected":false},"featured_media":3000,"comment_status":"open","ping_status":"closed","template":"","meta":[],"product_cat":[27],"product_tag":[148],"_links":{"self":[{"href":"https:\/\/texsalvenezuela.com\/tienda\/wp-json\/wp\/v2\/product\/4928"}],"collection":[{"href":"https:\/\/texsalvenezuela.com\/tienda\/wp-json\/wp\/v2\/product"}],"about":[{"href":"https:\/\/texsalvenezuela.com\/tienda\/wp-json\/wp\/v2\/types\/product"}],"replies":[{"embeddable":true,"href":"https:\/\/texsalvenezuela.com\/tienda\/wp-json\/wp\/v2\/comments?post=4928"}],"wp:featuredmedia":[{"embeddable":true,"href":"https:\/\/texsalvenezuela.com\/tienda\/wp-json\/wp\/v2\/media\/3000"}],"wp:attachment":[{"href":"https:\/\/texsalvenezuela.com\/tienda\/wp-json\/wp\/v2\/media?parent=4928"}],"wp:term":[{"taxonomy":"product_cat","embeddable":true,"href":"https:\/\/texsalvenezuela.com\/tienda\/wp-json\/wp\/v2\/product_cat?post=4928"},{"taxonomy":"product_tag","embeddable":true,"href":"https:\/\/texsalvenezuela.com\/tienda\/wp-json\/wp\/v2\/product_tag?post=4928"}],"curies":[{"name":"wp","href":"https:\/\/api.w.org\/{rel}","templated":true}]}}