{"id":4944,"date":"2024-07-12T07:25:55","date_gmt":"2024-07-12T12:25:55","guid":{"rendered":"https:\/\/texsalvenezuela.com\/tienda\/?post_type=product&#038;p=4944"},"modified":"2025-04-11T15:17:39","modified_gmt":"2025-04-11T19:17:39","slug":"caja-de-12-unds-lubricante-de-cadenas-seco-4oz-bike-wd-40","status":"publish","type":"product","link":"https:\/\/texsalvenezuela.com\/tienda\/producto\/caja-de-12-unds-lubricante-de-cadenas-seco-4oz-bike-wd-40\/","title":{"rendered":"Caja de 12 Unds. Lubricante de Cadenas Seco 4oz Bike WD-40"},"content":{"rendered":"<h3 style=\"text-align: center;\">12 UNIDADES X CAJA<\/h3>\n<h3 style=\"text-align: center;\">DESCRIPCI\u00d3N DE PRODUCTO<\/h3>\n<p>&nbsp;<\/p>\n<p>WD-40 Specialist Bike Lubricante de cadenas para Ambiente Seco es un lubricante de alto rendimiento espec\u00edficamente formulado para condiciones secas y polvorientas. Los pol\u00edmeros de la f\u00f3rmula forman r\u00e1pidamente una pel\u00edcula seca para proteger la cadena y repeler la suciedad en condiciones \u00e1ridas o polvorientas. Evita da\u00f1os por fricci\u00f3n y ayuda a prolongar la vida \u00fatil de la cadena. La f\u00f3rmula sin cera no se acumula dentro de los eslabones de la cadena y la transmisi\u00f3n.<\/p>\n<p>&nbsp;<\/p>\n<h3 class=\"flex items-center p-8 uppercase bg-wd-40-blue font-bold md:text-xl\">USOS<\/h3>\n<div class=\"flex p-8 ltr:pr-2 rtl:pl-2\">\n<ul class=\"w-full list-disc space-y-4\">\n<li>Cadena de bicicleta<\/li>\n<li>Desviadores<\/li>\n<li>Pi\u00f1ones<\/li>\n<li>Cables<\/li>\n<\/ul>\n<\/div>\n","protected":false},"excerpt":{"rendered":"<h3 class=\"flex items-center p-8 uppercase bg-wd-40-blue font-bold md:text-xl\">CARACTER\u00cdSTICAS<\/h3>\n<div class=\"flex p-8 ltr:pr-2 rtl:pl-2\">\n<ul class=\"w-full list-disc space-y-4\">\n<li>Para condiciones en carreras secas y \u00e1ridas<\/li>\n<li>Ampliamente probado por los cient\u00edficos y m\u00e9canicos profesionales<\/li>\n<li>Creado con pol\u00edmeros especiales que forman una pel\u00edcula seca para proteger su cadena y repeler la suciedad en condiciones \u00e1ridas y polvorientas<\/li>\n<li>El resultado es una transmisi\u00f3n limpia y segura.<\/li>\n<\/ul>\n<h3><em>Para compras mayores a 300$ en productos por caja.<\/em><\/h3>\n<\/div>\n","protected":false},"featured_media":3010,"comment_status":"open","ping_status":"closed","template":"","meta":[],"product_cat":[27],"product_tag":[148],"_links":{"self":[{"href":"https:\/\/texsalvenezuela.com\/tienda\/wp-json\/wp\/v2\/product\/4944"}],"collection":[{"href":"https:\/\/texsalvenezuela.com\/tienda\/wp-json\/wp\/v2\/product"}],"about":[{"href":"https:\/\/texsalvenezuela.com\/tienda\/wp-json\/wp\/v2\/types\/product"}],"replies":[{"embeddable":true,"href":"https:\/\/texsalvenezuela.com\/tienda\/wp-json\/wp\/v2\/comments?post=4944"}],"wp:featuredmedia":[{"embeddable":true,"href":"https:\/\/texsalvenezuela.com\/tienda\/wp-json\/wp\/v2\/media\/3010"}],"wp:attachment":[{"href":"https:\/\/texsalvenezuela.com\/tienda\/wp-json\/wp\/v2\/media?parent=4944"}],"wp:term":[{"taxonomy":"product_cat","embeddable":true,"href":"https:\/\/texsalvenezuela.com\/tienda\/wp-json\/wp\/v2\/product_cat?post=4944"},{"taxonomy":"product_tag","embeddable":true,"href":"https:\/\/texsalvenezuela.com\/tienda\/wp-json\/wp\/v2\/product_tag?post=4944"}],"curies":[{"name":"wp","href":"https:\/\/api.w.org\/{rel}","templated":true}]}}