{"id":4948,"date":"2024-07-12T07:32:10","date_gmt":"2024-07-12T12:32:10","guid":{"rendered":"https:\/\/texsalvenezuela.com\/tienda\/?post_type=product&#038;p=4948"},"modified":"2025-04-11T15:17:33","modified_gmt":"2025-04-11T19:17:33","slug":"caja-de-12-unds-lubricante-de-cadenas-aerosol-6oz-bike-wd-40","status":"publish","type":"product","link":"https:\/\/texsalvenezuela.com\/tienda\/producto\/caja-de-12-unds-lubricante-de-cadenas-aerosol-6oz-bike-wd-40\/","title":{"rendered":"Caja de 12 Unds. Lubricante de Cadenas Aerosol 6oz Bike WD-40"},"content":{"rendered":"<h3 style=\"text-align: center;\">12 UNIDADES X CAJA<\/h3>\n<h3 style=\"text-align: center;\">DESCRIPCI\u00d3N DE PRODUCTO<\/h3>\n<p>&nbsp;<\/p>\n<p>WD-40 Specialist Bike Chain Lube es un lubricante para todas las condiciones que protege las cadenas de las bicicletas en condiciones secas, h\u00famedas o variables. El aerosol en aerosol r\u00e1pido y f\u00e1cil de usar ayuda a prevenir chirridos y prolonga la vida \u00fatil de la cadena. Su f\u00f3rmula especial no contiene cera, que deja un residuo pegajoso que se puede acumular dentro de los eslabones de la cadena y la transmisi\u00f3n.<\/p>\n<p>Contiene inhibidores de corrosi\u00f3n para una protecci\u00f3n \u00f3ptima de la cadena.<\/p>\n<p>* Funciona en condiciones h\u00famedas, secas y variables.<\/p>\n<p>* Lubricaci\u00f3n superior que extiende la vida \u00fatil de las cadenas de bicicletas.<\/p>\n<p>* Cumple con VOC de 50 estados<\/p>\n<p>* Los productos WD-40 Specialist Bike han sido sometidos a pruebas exhaustivas por parte de cient\u00edficos internos y externos, minoristas de bicicletas y mec\u00e1nicos profesionales<\/p>\n<p>&nbsp;<\/p>\n<h3 class=\"flex items-center p-8 uppercase bg-wd-40-blue font-bold md:text-xl\">USOS<\/h3>\n<div class=\"flex p-8 ltr:pr-2 rtl:pl-2\">\n<ul class=\"w-full list-disc space-y-4\">\n<li>Cadenas de Bicicletas<\/li>\n<li>Eslabones de cadenas de Bicicletas<\/li>\n<li>Transmisi\u00f3n de Bicicleta<\/li>\n<\/ul>\n<\/div>\n","protected":false},"excerpt":{"rendered":"<h3 class=\"flex items-center p-8 uppercase bg-wd-40-blue font-bold md:text-xl\">CARACTER\u00cdSTICAS<\/h3>\n<div class=\"flex p-8 ltr:pr-2 rtl:pl-2\">\n<ul class=\"w-full list-disc space-y-4\">\n<li>Ideal para todo tipo de condiciones o situaciones<\/li>\n<li>F\u00f3rmula exclusiva probada profesionalmente para lubricaci\u00f3n de alta calidad<\/li>\n<li>Probado ampliamente por cient\u00edficos y mec\u00e1nicos profesionales<\/li>\n<li>Mejora el desplazamieto y extiende la vida de la cadena, engranes y componentes.<\/li>\n<\/ul>\n<h3><em>Para compras mayores a 300$ en productos por caja.<\/em><\/h3>\n<\/div>\n","protected":false},"featured_media":3011,"comment_status":"open","ping_status":"closed","template":"","meta":[],"product_cat":[27],"product_tag":[148],"_links":{"self":[{"href":"https:\/\/texsalvenezuela.com\/tienda\/wp-json\/wp\/v2\/product\/4948"}],"collection":[{"href":"https:\/\/texsalvenezuela.com\/tienda\/wp-json\/wp\/v2\/product"}],"about":[{"href":"https:\/\/texsalvenezuela.com\/tienda\/wp-json\/wp\/v2\/types\/product"}],"replies":[{"embeddable":true,"href":"https:\/\/texsalvenezuela.com\/tienda\/wp-json\/wp\/v2\/comments?post=4948"}],"wp:featuredmedia":[{"embeddable":true,"href":"https:\/\/texsalvenezuela.com\/tienda\/wp-json\/wp\/v2\/media\/3011"}],"wp:attachment":[{"href":"https:\/\/texsalvenezuela.com\/tienda\/wp-json\/wp\/v2\/media?parent=4948"}],"wp:term":[{"taxonomy":"product_cat","embeddable":true,"href":"https:\/\/texsalvenezuela.com\/tienda\/wp-json\/wp\/v2\/product_cat?post=4948"},{"taxonomy":"product_tag","embeddable":true,"href":"https:\/\/texsalvenezuela.com\/tienda\/wp-json\/wp\/v2\/product_tag?post=4948"}],"curies":[{"name":"wp","href":"https:\/\/api.w.org\/{rel}","templated":true}]}}