{"id":4949,"date":"2024-07-12T07:34:25","date_gmt":"2024-07-12T12:34:25","guid":{"rendered":"https:\/\/texsalvenezuela.com\/tienda\/?post_type=product&#038;p=4949"},"modified":"2025-04-11T15:17:27","modified_gmt":"2025-04-11T19:17:27","slug":"caja-de-12-unds-limpiador-y-desengrasante-10oz-bike-wd-40","status":"publish","type":"product","link":"https:\/\/texsalvenezuela.com\/tienda\/producto\/caja-de-12-unds-limpiador-y-desengrasante-10oz-bike-wd-40\/","title":{"rendered":"Caja de 12 Unds. Limpiador y Desengrasante 10oz Bike WD-40"},"content":{"rendered":"<div class=\"flex-1 lg:mt-16\">\n<div class=\"flex flex-col items-center overflow-hidden\">\n<div class=\"hidden lg:block\">\n<div class=\"grid grid-cols-4 gap-2 mt-4 swiper-thumbnails\">\n<h3 style=\"text-align: center;\">\u00a0UNIDADES X CAJA. PRECIO + IVA<\/h3>\n<h3 style=\"text-align: center;\">DESCRIPCI\u00d3N DE PRODUCTO<\/h3>\n<\/div>\n<\/div>\n<\/div>\n<div class=\"w-full flex flex-col items-center mt-4\">\n<div class=\"w-full max-w-sm\">\n<div id=\"single-product\"><\/div>\n<\/div>\n<\/div>\n<\/div>\n<div class=\"flex-1 mt-16\">\n<div class=\"wysiwyg-content blue-links\">\n<p>La acci\u00f3n espumosa del desengrasante para bicicletas se adhiere a la cadena, los engranajes para penetrar profundamente y eliminar la grasa y la suciedad rebeldes de todas las partes m\u00f3viles. Experimente la diferencia de una f\u00f3rmula de grado profesional de acci\u00f3n r\u00e1pida que elimina la suciedad, el barro y la mugre. Ideal para cuadros, pedales, ruedas, fibra de carbono, aluminio, cromo, pl\u00e1stico y caucho. Seguro para acabados y componentes de bicicletas cuando se usa seg\u00fan las instrucciones.<\/p>\n<\/div>\n<h3 class=\"flex items-center p-8 uppercase bg-wd-40-blue font-bold md:text-xl\">USOS<\/h3>\n<div class=\"flex p-8 ltr:pr-2 rtl:pl-2\">\n<ul class=\"w-full list-disc space-y-4\">\n<li>Ideal para Cuadros<\/li>\n<li>Pedales<\/li>\n<li>Ruedas<\/li>\n<\/ul>\n<\/div>\n<\/div>\n","protected":false},"excerpt":{"rendered":"<h3 class=\"flex items-center p-8 uppercase bg-wd-40-blue font-bold md:text-xl\">CARACTER\u00cdSTICAS<\/h3>\n<div class=\"flex p-8 ltr:pr-2 rtl:pl-2\">\n<ul class=\"w-full list-disc space-y-4\">\n<li>Limpiar la cadena de tu bicicleta nunca fue tan f\u00e1cil<\/li>\n<li>Penetra profundamente<\/li>\n<li>Elimina grasa y suciedad rebelde<\/li>\n<li>Acci\u00f3n r\u00e1pida<\/li>\n<li>Elimina barro<\/li>\n<\/ul>\n<h3><em>Para compras mayores a 300$ en productos por caja.<\/em><\/h3>\n<\/div>\n","protected":false},"featured_media":3013,"comment_status":"open","ping_status":"closed","template":"","meta":[],"product_cat":[27],"product_tag":[148],"_links":{"self":[{"href":"https:\/\/texsalvenezuela.com\/tienda\/wp-json\/wp\/v2\/product\/4949"}],"collection":[{"href":"https:\/\/texsalvenezuela.com\/tienda\/wp-json\/wp\/v2\/product"}],"about":[{"href":"https:\/\/texsalvenezuela.com\/tienda\/wp-json\/wp\/v2\/types\/product"}],"replies":[{"embeddable":true,"href":"https:\/\/texsalvenezuela.com\/tienda\/wp-json\/wp\/v2\/comments?post=4949"}],"wp:featuredmedia":[{"embeddable":true,"href":"https:\/\/texsalvenezuela.com\/tienda\/wp-json\/wp\/v2\/media\/3013"}],"wp:attachment":[{"href":"https:\/\/texsalvenezuela.com\/tienda\/wp-json\/wp\/v2\/media?parent=4949"}],"wp:term":[{"taxonomy":"product_cat","embeddable":true,"href":"https:\/\/texsalvenezuela.com\/tienda\/wp-json\/wp\/v2\/product_cat?post=4949"},{"taxonomy":"product_tag","embeddable":true,"href":"https:\/\/texsalvenezuela.com\/tienda\/wp-json\/wp\/v2\/product_tag?post=4949"}],"curies":[{"name":"wp","href":"https:\/\/api.w.org\/{rel}","templated":true}]}}