{"id":4954,"date":"2024-07-12T08:11:14","date_gmt":"2024-07-12T13:11:14","guid":{"rendered":"https:\/\/texsalvenezuela.com\/tienda\/?post_type=product&#038;p=4954"},"modified":"2025-04-11T15:17:09","modified_gmt":"2025-04-11T19:17:09","slug":"caja-de-6-unds-ez-reach-14-4oz-wd-40","status":"publish","type":"product","link":"https:\/\/texsalvenezuela.com\/tienda\/producto\/caja-de-6-unds-ez-reach-14-4oz-wd-40\/","title":{"rendered":"Caja de 6 Unds. EZ-REACH 14.4oz WD-40\u00ae"},"content":{"rendered":"<h3 style=\"text-align: center;\">6 UNIDADES X CAJA. PRECIO + IVA<\/h3>\n<h3 style=\"text-align: center;\">DESCRIPCI\u00d3N DE PRODUCTO<\/h3>\n<p>WD-40\u00ae EZ-REACH con v\u00e1lvula flexible protege el metal del \u00f3xido y la corrosi\u00f3n, libera piezas atascadas, desplaza la humedad y lubrica.\u00a0 La v\u00e1lvula flexible de 8\u2033 permite una f\u00e1cil aplicaci\u00f3n en espacios de dif\u00edcil acceso. Desplaza la humedad para prevenir el \u00f3xido y proteger sistemas el\u00e9ctricos<\/p>\n<ul>\n<li>Penetra para aflojar piezas atascadas<\/li>\n<li>Lubrica para que el equipo funcione bien<\/li>\n<li>Limpia, eliminando aceite, suciedad, grasa y mugre<\/li>\n<li>Protege las superficies de metal contra el \u00f3xido y la corrosi\u00f3n<\/li>\n<li>F\u00e1cil de usar<\/li>\n<\/ul>\n","protected":false},"excerpt":{"rendered":"<h3 class=\"flex items-center p-8 uppercase bg-wd-40-blue font-bold md:text-xl\">CARACTER\u00cdSTICAS<\/h3>\n<div class=\"flex p-8 ltr:pr-2 rtl:pl-2\">\n<ul class=\"w-full list-disc space-y-4\">\n<li>Sin silicona ni disolventes clorados.<\/li>\n<li>No Conductivo.<\/li>\n<li>Compatible con pl\u00e1sticos, cauchos y todos los metales.<\/li>\n<li>Es un lubricante ligero.<\/li>\n<li>V\u00e1lvula con doble funci\u00f3n.<\/li>\n<\/ul>\n<h3><em>Para compras mayores a 300$ en productos por caja.<\/em><\/h3>\n<\/div>\n","protected":false},"featured_media":3016,"comment_status":"open","ping_status":"closed","template":"","meta":[],"product_cat":[27],"product_tag":[144],"_links":{"self":[{"href":"https:\/\/texsalvenezuela.com\/tienda\/wp-json\/wp\/v2\/product\/4954"}],"collection":[{"href":"https:\/\/texsalvenezuela.com\/tienda\/wp-json\/wp\/v2\/product"}],"about":[{"href":"https:\/\/texsalvenezuela.com\/tienda\/wp-json\/wp\/v2\/types\/product"}],"replies":[{"embeddable":true,"href":"https:\/\/texsalvenezuela.com\/tienda\/wp-json\/wp\/v2\/comments?post=4954"}],"wp:featuredmedia":[{"embeddable":true,"href":"https:\/\/texsalvenezuela.com\/tienda\/wp-json\/wp\/v2\/media\/3016"}],"wp:attachment":[{"href":"https:\/\/texsalvenezuela.com\/tienda\/wp-json\/wp\/v2\/media?parent=4954"}],"wp:term":[{"taxonomy":"product_cat","embeddable":true,"href":"https:\/\/texsalvenezuela.com\/tienda\/wp-json\/wp\/v2\/product_cat?post=4954"},{"taxonomy":"product_tag","embeddable":true,"href":"https:\/\/texsalvenezuela.com\/tienda\/wp-json\/wp\/v2\/product_tag?post=4954"}],"curies":[{"name":"wp","href":"https:\/\/api.w.org\/{rel}","templated":true}]}}