{"id":4964,"date":"2024-07-12T09:25:58","date_gmt":"2024-07-12T14:25:58","guid":{"rendered":"https:\/\/texsalvenezuela.com\/tienda\/?post_type=product&#038;p=4964"},"modified":"2025-04-11T15:16:00","modified_gmt":"2025-04-11T19:16:00","slug":"caja-de-12-unds-desengrasante-espuma-18oz-specialist-wd-40","status":"publish","type":"product","link":"https:\/\/texsalvenezuela.com\/tienda\/producto\/caja-de-12-unds-desengrasante-espuma-18oz-specialist-wd-40\/","title":{"rendered":"Caja de 12 Unds. Desengrasante Espuma 18oz Specialist WD-40"},"content":{"rendered":"<h3 style=\"text-align: center;\">12 UNIDADES X CAJA. PRECIO + IVA<\/h3>\n<h3 style=\"text-align: center;\">DESCRIPCI\u00d3N DE PRODUCTO<\/h3>\n<p>&nbsp;<\/p>\n<p>WD-40 Specialist Espuma\u00a0<strong>Desengrasante en Aerosol<\/strong>\u00a0de M\u00e1quinas y Motores hace que el equipo funcione de manera m\u00e1s suave, dure m\u00e1s y parezca nuevo. Nuestro desengrasante en aerosol es una f\u00f3rmula a base de agua de bajo residuo con acci\u00f3n espumosa que penetra profundamente en las grietas para obtener resultados completamente limpios. Equipado con una boquilla capaz de rociar poderosos a larga distancia de hasta 5 pies. Elimina r\u00e1pidamente grasa, aceite, suciedad, alquitr\u00e1n, adhesivos y m\u00e1s sin desmontar el motor, con nuestro desengrasante en aerosol.<\/p>\n<p>Funciona muy bien en motores de autom\u00f3viles y camiones, tractores, montacargas, engranajes y cadenas, maquinaria industrial, equipos agr\u00edcolas y otras herramientas met\u00e1licas. Seguro para usar en la mayor\u00eda de los metales cuando el desengrasante en aerosol se usa seg\u00fan las instrucciones. Elimina r\u00e1pidamente aceite, grasa, alquitr\u00e1n, salitre y todo tipo de suciedad, secando r\u00e1pidamente y sin dejar residuo. Potente desengrasante en aerosol.<\/p>\n<p>&nbsp;<\/p>\n<h3 class=\"flex items-center p-8 uppercase bg-wd-40-blue font-bold md:text-xl\">USOS<\/h3>\n<div class=\"flex p-8 ltr:pr-2 rtl:pl-2\">\n<ul class=\"w-full list-disc space-y-4\">\n<li>Motores, carretillas, elevadoras<\/li>\n<li>Engranajes, cadenas<\/li>\n<li>Maquinaria industrial<\/li>\n<li>Equipo de herramientas de metal<\/li>\n<\/ul>\n<\/div>\n","protected":false},"excerpt":{"rendered":"<h3 class=\"flex items-center p-8 uppercase bg-wd-40-blue font-bold md:text-xl\">CARACTER\u00cdSTICAS<\/h3>\n<div class=\"flex p-8 ltr:pr-2 rtl:pl-2\">\n<ul class=\"w-full list-disc space-y-4\">\n<li>Desengrasante en aerosol con bajo olor, f\u00f3rmula a base de agua<\/li>\n<li>Acci\u00f3n de penetraci\u00f3n profunda a base de espuma que se adentra en grietas y hendiduras<\/li>\n<li>Remueve r\u00e1pidamente la grasa, mugre y suciedad<\/li>\n<li>Desengrasante en aerosol que no requiere enjuague, deja muy poco residuo para un acabado limpio<\/li>\n<li>Categor\u00eda NSF C1#146737<\/li>\n<\/ul>\n<h3><em>Para compras mayores a 300$ en productos por caja.<\/em><\/h3>\n<\/div>\n","protected":false},"featured_media":3057,"comment_status":"open","ping_status":"closed","template":"","meta":[],"product_cat":[27],"product_tag":[148],"_links":{"self":[{"href":"https:\/\/texsalvenezuela.com\/tienda\/wp-json\/wp\/v2\/product\/4964"}],"collection":[{"href":"https:\/\/texsalvenezuela.com\/tienda\/wp-json\/wp\/v2\/product"}],"about":[{"href":"https:\/\/texsalvenezuela.com\/tienda\/wp-json\/wp\/v2\/types\/product"}],"replies":[{"embeddable":true,"href":"https:\/\/texsalvenezuela.com\/tienda\/wp-json\/wp\/v2\/comments?post=4964"}],"wp:featuredmedia":[{"embeddable":true,"href":"https:\/\/texsalvenezuela.com\/tienda\/wp-json\/wp\/v2\/media\/3057"}],"wp:attachment":[{"href":"https:\/\/texsalvenezuela.com\/tienda\/wp-json\/wp\/v2\/media?parent=4964"}],"wp:term":[{"taxonomy":"product_cat","embeddable":true,"href":"https:\/\/texsalvenezuela.com\/tienda\/wp-json\/wp\/v2\/product_cat?post=4964"},{"taxonomy":"product_tag","embeddable":true,"href":"https:\/\/texsalvenezuela.com\/tienda\/wp-json\/wp\/v2\/product_tag?post=4964"}],"curies":[{"name":"wp","href":"https:\/\/api.w.org\/{rel}","templated":true}]}}